{"id":84050,"date":"2022-07-02T18:44:45","date_gmt":"2022-07-02T17:44:45","guid":{"rendered":"https:\/\/www.bgf.rs\/?page_id=84050"},"modified":"2022-07-02T19:12:48","modified_gmt":"2022-07-02T18:12:48","slug":"ivan-tasovac-biografija","status":"publish","type":"page","link":"https:\/\/www.bgf.rs\/lt\/nas-tim\/ivan-tasovac-biografija\/","title":{"rendered":"Ivan Tasovac, biografija"},"content":{"rendered":"<p>Ro\u0111en je 1966. godine u Beogradu. Diplomirao je i magistrirao klavir na Konzervatorijumu \u201cPetar Il\u0458i\u010d \u010cajkovski\u201d u Moskvi,\u00a0u klasi profesora Sergeja Dorenjskog. U dvanaestoj godini debitovao je kao pijanista sa orkestrima Beogradske i Zagreba\u010dke filharmonije. Tokom profesionalne pijanisti\u010dke karijere nastupao je kao solista i sa orkestrima u Italiji, \u0160vajcarskoj, \u0160paniji, Irskoj, SAD, Rusiji, Belgiji, biv\u0161im jugoslovenskim republikama i drugim zeml\u0458ama.<\/p>\n<p>Bio je direktor Beogradske filharmonije od marta 2001. do septembra 2013. godine. Za to vreme, Filharmonija je postala \u201cjedan od vode\u0107ih evropskih orkestara\u201d (Independent), \u201ckultni srpski orkestar\u201d (Financial Times), \u201cnajuspe\u0161nija kulturna institucija u Srbiji\u201d (Jutarnji list, Zagreb) i \u201cnajja\u010de PR oru\u017eje Srbije\u201d (Kv\u00e4llsposten, Malm\u00f6).<\/p>\n<p>U tom periodu rekonstruisana je zgrada Beogradske filharmonije, obnovl\u0458eni su instrumenti u velikom delu orkestra, orkestar je podmla\u0111en, anga\u017eovani su najkvalitetniji muzi\u010dari koji su se vratili sa \u0161kolovanja u inostranstvu i dr. Tokom njegovog mandata, znatno je unapre\u0111ena institucionalna i regionalna saradnja. Pored zapa\u017eenih me\u0111unarodnih gostovanja orkestra \u0161irom Evrope, na njegovu inicijativu, na jesen 2014. godine, realizovana je prva turneja u istoriji Beogradske filharmonije u SAD-u.<\/p>\n<p>Pokrenuo je Fondaciju Beogradske filharmonije \u201cZubin Mehta\u201d 2004. godine, koja se smatra za\u010detnikom i glavnim promoterom modela finansiranja kulture kroz saradnju privatnog i dr\u017eavnog sektora u Srbiji. Realizaciji brojnih cil\u0458eva i projekata ove fondacije doprinosi i Fondacija \u201cAmeri\u010dki prijatel\u0458i Beogradske filharmonije\u201d, osnovana 2012. godine u N\u0458ujorku.<\/p>\n<p>Kao priznanje za doprinos kulturi u Srbiji, koje je pokazao predvode\u0107i Beogradsku filharmoniju, bio je pozvan da bude jedan od glavnih govornika na debati \u201cOdnos kulture i ekonomskog razvoja\u201d, koja je u sedi\u0161tu Ujedinjenih nacija u N\u0458ujorku odr\u017eana u junu 2013. godine.<\/p>\n<p>Na poziciji ministra kulture i informisanja Republike Srbije nalazio se od septembra 2013. do avgusta 2016. godine.<\/p>\n<p>Vlada Republike Srbije ponovo je imenovala Tasovca za direktora Beogradske filharmonije, 24. januara, 2017. Godine na \u010dijem \u010delu je ostao do iznenadne smrti, 29. septembra, 2021. godine.<\/p>\n","protected":false},"excerpt":{"rendered":"<p>Ro\u0111en je 1966. godine u Beogradu. Diplomirao je i magistrirao klavir na Konzervatorijumu \u201cPetar Il\u0458i\u010d \u010cajkovski\u201d u Moskvi,\u00a0u klasi profesora Sergeja Dorenjskog. U dvanaestoj godini debitovao je kao pijanista sa orkestrima Beogradske i Zagreba\u010dke filharmonije. Tokom profesionalne pijanisti\u010dke karijere nastupao je kao solista i sa orkestrima u Italiji, \u0160vajcarskoj, \u0160paniji, Irskoj, SAD, Rusiji, Belgiji, biv\u0161im [&hellip;]<\/p>\n","protected":false},"author":1,"featured_media":9996,"parent":1497,"menu_order":0,"comment_status":"closed","ping_status":"closed","template":"page_other.php","meta":{"_acf_changed":false,"footnotes":""},"class_list":["post-84050","page","type-page","status-publish","has-post-thumbnail","hentry"],"acf":[],"yoast_head":"<!-- This site is optimized with the Yoast SEO plugin v23.4 - https:\/\/yoast.com\/wordpress\/plugins\/seo\/ -->\n<title>Ivan Tasovac, biografija | Beogradska filharmonija<\/title>\n<meta name=\"robots\" content=\"index, follow, max-snippet:-1, max-image-preview:large, max-video-preview:-1\" \/>\n<link rel=\"canonical\" href=\"https:\/\/www.bgf.rs\/nas-tim\/ivan-tasovac-biografija\/\" \/>\n<meta property=\"og:locale\" content=\"sr_RS\" \/>\n<meta property=\"og:type\" content=\"article\" \/>\n<meta property=\"og:title\" content=\"Ivan Tasovac, biografija | Beogradska filharmonija\" \/>\n<meta property=\"og:description\" content=\"Ro\u0111en je 1966. godine u Beogradu. Diplomirao je i magistrirao klavir na Konzervatorijumu \u201cPetar Il\u0458i\u010d \u010cajkovski\u201d u Moskvi,\u00a0u klasi profesora Sergeja Dorenjskog. U dvanaestoj godini debitovao je kao pijanista sa orkestrima Beogradske i Zagreba\u010dke filharmonije. Tokom profesionalne pijanisti\u010dke karijere nastupao je kao solista i sa orkestrima u Italiji, \u0160vajcarskoj, \u0160paniji, Irskoj, SAD, Rusiji, Belgiji, biv\u0161im [&hellip;]\" \/>\n<meta property=\"og:url\" content=\"https:\/\/www.bgf.rs\/lt\/nas-tim\/ivan-tasovac-biografija\/\" \/>\n<meta property=\"og:site_name\" content=\"Beogradska filharmonija\" \/>\n<meta property=\"article:modified_time\" content=\"2022-07-02T18:12:48+00:00\" \/>\n<meta property=\"og:image\" content=\"http:\/\/www.bgf.rs\/wp-content\/uploads\/2017\/02\/Direktor-Ivan-Tasovac.jpg\" \/>\n\t<meta property=\"og:image:width\" content=\"400\" \/>\n\t<meta property=\"og:image:height\" content=\"600\" \/>\n\t<meta property=\"og:image:type\" content=\"image\/jpeg\" \/>\n<meta name=\"twitter:card\" content=\"summary_large_image\" \/>\n<meta name=\"twitter:site\" content=\"@BGFilharmonija\" \/>\n<meta name=\"twitter:label1\" content=\"\u041f\u0440\u043e\u0446\u0435\u045a\u0435\u043d\u043e \u0432\u0440\u0435\u043c\u0435 \u0447\u0438\u0442\u0430\u045a\u0430\" \/>\n\t<meta name=\"twitter:data1\" content=\"2 \u043c\u0438\u043d\u0443\u0442\u0430\" \/>\n<script type=\"application\/ld+json\" class=\"yoast-schema-graph\">{\"@context\":\"https:\/\/schema.org\",\"@graph\":[{\"@type\":\"WebPage\",\"@id\":\"https:\/\/www.bgf.rs\/lt\/nas-tim\/ivan-tasovac-biografija\/\",\"url\":\"https:\/\/www.bgf.rs\/lt\/nas-tim\/ivan-tasovac-biografija\/\",\"name\":\"Ivan Tasovac, biografija | Beogradska filharmonija\",\"isPartOf\":{\"@id\":\"https:\/\/www.bgf.rs\/#website\"},\"primaryImageOfPage\":{\"@id\":\"https:\/\/www.bgf.rs\/lt\/nas-tim\/ivan-tasovac-biografija\/#primaryimage\"},\"image\":{\"@id\":\"https:\/\/www.bgf.rs\/lt\/nas-tim\/ivan-tasovac-biografija\/#primaryimage\"},\"thumbnailUrl\":\"https:\/\/www.bgf.rs\/wp-content\/uploads\/2017\/02\/Direktor-Ivan-Tasovac.jpg\",\"datePublished\":\"2022-07-02T17:44:45+00:00\",\"dateModified\":\"2022-07-02T18:12:48+00:00\",\"breadcrumb\":{\"@id\":\"https:\/\/www.bgf.rs\/lt\/nas-tim\/ivan-tasovac-biografija\/#breadcrumb\"},\"inLanguage\":\"sr-RS\",\"potentialAction\":[{\"@type\":\"ReadAction\",\"target\":[\"https:\/\/www.bgf.rs\/lt\/nas-tim\/ivan-tasovac-biografija\/\"]}]},{\"@type\":\"ImageObject\",\"inLanguage\":\"sr-RS\",\"@id\":\"https:\/\/www.bgf.rs\/lt\/nas-tim\/ivan-tasovac-biografija\/#primaryimage\",\"url\":\"https:\/\/www.bgf.rs\/wp-content\/uploads\/2017\/02\/Direktor-Ivan-Tasovac.jpg\",\"contentUrl\":\"https:\/\/www.bgf.rs\/wp-content\/uploads\/2017\/02\/Direktor-Ivan-Tasovac.jpg\",\"width\":400,\"height\":600},{\"@type\":\"BreadcrumbList\",\"@id\":\"https:\/\/www.bgf.rs\/lt\/nas-tim\/ivan-tasovac-biografija\/#breadcrumb\",\"itemListElement\":[{\"@type\":\"ListItem\",\"position\":1,\"name\":\"Home\",\"item\":\"https:\/\/www.bgf.rs\/\"},{\"@type\":\"ListItem\",\"position\":2,\"name\":\"Na\u0161 tim\",\"item\":\"https:\/\/www.bgf.rs\/lt\/nas-tim\/\"},{\"@type\":\"ListItem\",\"position\":3,\"name\":\"Ivan Tasovac, biografija\"}]},{\"@type\":\"WebSite\",\"@id\":\"https:\/\/www.bgf.rs\/#website\",\"url\":\"https:\/\/www.bgf.rs\/\",\"name\":\"Beogradska filharmonija\",\"description\":\"Samo muzika - jer do\u017eivljaj nema cenu!\",\"potentialAction\":[{\"@type\":\"SearchAction\",\"target\":{\"@type\":\"EntryPoint\",\"urlTemplate\":\"https:\/\/www.bgf.rs\/?s={search_term_string}\"},\"query-input\":{\"@type\":\"PropertyValueSpecification\",\"valueRequired\":true,\"valueName\":\"search_term_string\"}}],\"inLanguage\":\"sr-RS\"}]}<\/script>\n<!-- \/ Yoast SEO plugin. -->","yoast_head_json":{"title":"Ivan Tasovac, biografija | Beogradska filharmonija","robots":{"index":"index","follow":"follow","max-snippet":"max-snippet:-1","max-image-preview":"max-image-preview:large","max-video-preview":"max-video-preview:-1"},"canonical":"https:\/\/www.bgf.rs\/nas-tim\/ivan-tasovac-biografija\/","og_locale":"sr_RS","og_type":"article","og_title":"Ivan Tasovac, biografija | Beogradska filharmonija","og_description":"Ro\u0111en je 1966. godine u Beogradu. Diplomirao je i magistrirao klavir na Konzervatorijumu \u201cPetar Il\u0458i\u010d \u010cajkovski\u201d u Moskvi,\u00a0u klasi profesora Sergeja Dorenjskog. U dvanaestoj godini debitovao je kao pijanista sa orkestrima Beogradske i Zagreba\u010dke filharmonije. Tokom profesionalne pijanisti\u010dke karijere nastupao je kao solista i sa orkestrima u Italiji, \u0160vajcarskoj, \u0160paniji, Irskoj, SAD, Rusiji, Belgiji, biv\u0161im [&hellip;]","og_url":"https:\/\/www.bgf.rs\/lt\/nas-tim\/ivan-tasovac-biografija\/","og_site_name":"Beogradska filharmonija","article_modified_time":"2022-07-02T18:12:48+00:00","og_image":[{"width":400,"height":600,"url":"http:\/\/www.bgf.rs\/wp-content\/uploads\/2017\/02\/Direktor-Ivan-Tasovac.jpg","type":"image\/jpeg"}],"twitter_card":"summary_large_image","twitter_site":"@BGFilharmonija","twitter_misc":{"\u041f\u0440\u043e\u0446\u0435\u045a\u0435\u043d\u043e \u0432\u0440\u0435\u043c\u0435 \u0447\u0438\u0442\u0430\u045a\u0430":"2 \u043c\u0438\u043d\u0443\u0442\u0430"},"schema":{"@context":"https:\/\/schema.org","@graph":[{"@type":"WebPage","@id":"https:\/\/www.bgf.rs\/lt\/nas-tim\/ivan-tasovac-biografija\/","url":"https:\/\/www.bgf.rs\/lt\/nas-tim\/ivan-tasovac-biografija\/","name":"Ivan Tasovac, biografija | Beogradska filharmonija","isPartOf":{"@id":"https:\/\/www.bgf.rs\/#website"},"primaryImageOfPage":{"@id":"https:\/\/www.bgf.rs\/lt\/nas-tim\/ivan-tasovac-biografija\/#primaryimage"},"image":{"@id":"https:\/\/www.bgf.rs\/lt\/nas-tim\/ivan-tasovac-biografija\/#primaryimage"},"thumbnailUrl":"https:\/\/www.bgf.rs\/wp-content\/uploads\/2017\/02\/Direktor-Ivan-Tasovac.jpg","datePublished":"2022-07-02T17:44:45+00:00","dateModified":"2022-07-02T18:12:48+00:00","breadcrumb":{"@id":"https:\/\/www.bgf.rs\/lt\/nas-tim\/ivan-tasovac-biografija\/#breadcrumb"},"inLanguage":"sr-RS","potentialAction":[{"@type":"ReadAction","target":["https:\/\/www.bgf.rs\/lt\/nas-tim\/ivan-tasovac-biografija\/"]}]},{"@type":"ImageObject","inLanguage":"sr-RS","@id":"https:\/\/www.bgf.rs\/lt\/nas-tim\/ivan-tasovac-biografija\/#primaryimage","url":"https:\/\/www.bgf.rs\/wp-content\/uploads\/2017\/02\/Direktor-Ivan-Tasovac.jpg","contentUrl":"https:\/\/www.bgf.rs\/wp-content\/uploads\/2017\/02\/Direktor-Ivan-Tasovac.jpg","width":400,"height":600},{"@type":"BreadcrumbList","@id":"https:\/\/www.bgf.rs\/lt\/nas-tim\/ivan-tasovac-biografija\/#breadcrumb","itemListElement":[{"@type":"ListItem","position":1,"name":"Home","item":"https:\/\/www.bgf.rs\/"},{"@type":"ListItem","position":2,"name":"Na\u0161 tim","item":"https:\/\/www.bgf.rs\/lt\/nas-tim\/"},{"@type":"ListItem","position":3,"name":"Ivan Tasovac, biografija"}]},{"@type":"WebSite","@id":"https:\/\/www.bgf.rs\/#website","url":"https:\/\/www.bgf.rs\/","name":"Beogradska filharmonija","description":"Samo muzika - jer do\u017eivljaj nema cenu!","potentialAction":[{"@type":"SearchAction","target":{"@type":"EntryPoint","urlTemplate":"https:\/\/www.bgf.rs\/?s={search_term_string}"},"query-input":{"@type":"PropertyValueSpecification","valueRequired":true,"valueName":"search_term_string"}}],"inLanguage":"sr-RS"}]}},"_links":{"self":[{"href":"https:\/\/www.bgf.rs\/lt\/wp-json\/wp\/v2\/pages\/84050\/"}],"collection":[{"href":"https:\/\/www.bgf.rs\/lt\/wp-json\/wp\/v2\/pages\/"}],"about":[{"href":"https:\/\/www.bgf.rs\/lt\/wp-json\/wp\/v2\/types\/page\/"}],"author":[{"embeddable":true,"href":"https:\/\/www.bgf.rs\/lt\/wp-json\/wp\/v2\/users\/1\/"}],"replies":[{"embeddable":true,"href":"https:\/\/www.bgf.rs\/lt\/wp-json\/wp\/v2\/comments\/?post=84050"}],"version-history":[{"count":0,"href":"https:\/\/www.bgf.rs\/lt\/wp-json\/wp\/v2\/pages\/84050\/revisions\/"}],"up":[{"embeddable":true,"href":"https:\/\/www.bgf.rs\/lt\/wp-json\/wp\/v2\/pages\/1497\/"}],"wp:featuredmedia":[{"embeddable":true,"href":"https:\/\/www.bgf.rs\/lt\/wp-json\/wp\/v2\/media\/9996\/"}],"wp:attachment":[{"href":"https:\/\/www.bgf.rs\/lt\/wp-json\/wp\/v2\/media\/?parent=84050"}],"curies":[{"name":"wp","href":"https:\/\/api.w.org\/{rel}","templated":true}]}}