{"id":4937,"date":"2016-02-22T15:34:17","date_gmt":"2016-02-22T15:34:17","guid":{"rendered":"http:\/\/www.bgf.rs\/lt\/?page_id=4937"},"modified":"2016-02-25T13:52:35","modified_gmt":"2016-02-25T13:52:35","slug":"prijatelji","status":"publish","type":"page","link":"https:\/\/www.bgf.rs\/lt\/pprijatelji-fondacije\/prijatelji\/","title":{"rendered":"Prijatelji"},"content":{"rendered":"<p>Za skoro deceniju svog postojanja, Fondacija je realizovala veliki broj projekata i aktivnosti u skladu sa svojim cil\u0458evima.<\/p>\n<p>Ve\u0107ina aktivnosti je realizovana uz podr\u0161ku partnera i saradnika, a neretko je saradnja prerasla u istinsko prijatel\u0458stvo i partnerstvo. Pomenimo samo neke:<\/p>\n<p><span style=\"text-decoration: underline;\"><strong>Fondacije<\/strong><\/span>:<br \/>\nFondacija Hemofarm<br \/>\nDelta fondacija<\/p>\n<p><span style=\"text-decoration: underline;\"><strong>Diplomatska predstavni\u0161tva i strane misije<\/strong><\/span>:<br \/>\nAmbasada SAD<br \/>\nAmbasada Izraela<br \/>\nDelegacija EU<br \/>\nAmbasada Meksika<\/p>\n<p><span style=\"text-decoration: underline;\"><strong>Organizacije, kompanije i udru\u017eenja<\/strong><\/span>:<br \/>\nAmCham \u2013 Ameri\u010dka privredna komora<br \/>\nEvropski pokret u Srbiji<br \/>\n&#8212;&#8211;<br \/>\nBanka Intesa<br \/>\nVojvo\u0111anska Banka<br \/>\nPolimark<br \/>\n&#8212;&#8211;<br \/>\nKreativno edukativni centar za mentalno nedovol\u0458no razvijene osobe<br \/>\nGerontolo\u0161ki centar Subotica<br \/>\nUdru\u017eenje gra\u0111ana Althea za slepe i slabovide osobe<br \/>\nCentar za integraciju mladih Svrati\u0161te<\/p>\n<p><span style=\"text-decoration: underline;\"><strong>Obrazovne ustanove<\/strong><\/span>:<br \/>\nM.\u0160. Petar Kran\u010devi\u0107, Sremska Mitrovica<br \/>\nM.\u0160. Trebinje<br \/>\nM.\u0160. Davorin Jenko<br \/>\nFakultet umetnosti u Ni\u0161u<br \/>\nM.\u0160. Stevan Hristi\u0107, Stani\u0161or (op\u0161tina Gnjilane)<br \/>\nFakultet umetnosti, Zve\u010dan i Kosovska Mitrovica<br \/>\nO.\u0160. Sava \u017debel\u0458an, Crepaja<br \/>\nGimnazija Takovski ustanak, Gornji Milanovac<\/p>\n<p><span style=\"text-decoration: underline;\"><strong>Zdravstvene organizacije<\/strong><\/span>:<br \/>\nD.Z. Novi Beograd<br \/>\nD.Z. Jedro<br \/>\nKlinika Anlave<br \/>\nKlinika Irva<\/p>\n","protected":false},"excerpt":{"rendered":"<p>Za skoro deceniju svog postojanja, Fondacija je realizovala veliki broj projekata i aktivnosti u skladu sa svojim cil\u0458evima. Ve\u0107ina aktivnosti je realizovana uz podr\u0161ku partnera i saradnika, a neretko je saradnja prerasla u istinsko prijatel\u0458stvo i partnerstvo. Pomenimo samo neke: Fondacije: Fondacija Hemofarm Delta fondacija Diplomatska predstavni\u0161tva i strane misije: Ambasada SAD Ambasada Izraela Delegacija [&hellip;]<\/p>\n","protected":false},"author":1,"featured_media":5075,"parent":1682,"menu_order":0,"comment_status":"closed","ping_status":"closed","template":"page-foundation-friends.php","meta":{"_acf_changed":false,"footnotes":""},"class_list":["post-4937","page","type-page","status-publish","has-post-thumbnail","hentry"],"acf":[],"yoast_head":"<!-- This site is optimized with the Yoast SEO plugin v23.4 - https:\/\/yoast.com\/wordpress\/plugins\/seo\/ -->\n<title>Prijatelji | Beogradska filharmonija<\/title>\n<meta name=\"robots\" content=\"index, follow, max-snippet:-1, max-image-preview:large, max-video-preview:-1\" \/>\n<link rel=\"canonical\" href=\"https:\/\/www.bgf.rs\/pprijatelji-fondacije\/prijatelji\/\" \/>\n<meta property=\"og:locale\" content=\"sr_RS\" \/>\n<meta property=\"og:type\" content=\"article\" \/>\n<meta property=\"og:title\" content=\"Prijatelji | Beogradska filharmonija\" \/>\n<meta property=\"og:description\" content=\"Za skoro deceniju svog postojanja, Fondacija je realizovala veliki broj projekata i aktivnosti u skladu sa svojim cil\u0458evima. Ve\u0107ina aktivnosti je realizovana uz podr\u0161ku partnera i saradnika, a neretko je saradnja prerasla u istinsko prijatel\u0458stvo i partnerstvo. Pomenimo samo neke: Fondacije: Fondacija Hemofarm Delta fondacija Diplomatska predstavni\u0161tva i strane misije: Ambasada SAD Ambasada Izraela Delegacija [&hellip;]\" \/>\n<meta property=\"og:url\" content=\"https:\/\/www.bgf.rs\/lt\/pprijatelji-fondacije\/prijatelji\/\" \/>\n<meta property=\"og:site_name\" content=\"Beogradska filharmonija\" \/>\n<meta property=\"article:modified_time\" content=\"2016-02-25T13:52:35+00:00\" \/>\n<meta property=\"og:image\" content=\"https:\/\/www.bgf.rs\/wp-content\/uploads\/2016\/02\/5.-Prijatelji.jpg\" \/>\n\t<meta property=\"og:image:width\" content=\"870\" \/>\n\t<meta property=\"og:image:height\" content=\"350\" \/>\n\t<meta property=\"og:image:type\" content=\"image\/jpeg\" \/>\n<meta name=\"twitter:card\" content=\"summary_large_image\" \/>\n<meta name=\"twitter:site\" content=\"@BGFilharmonija\" \/>\n<meta name=\"twitter:label1\" content=\"\u041f\u0440\u043e\u0446\u0435\u045a\u0435\u043d\u043e \u0432\u0440\u0435\u043c\u0435 \u0447\u0438\u0442\u0430\u045a\u0430\" \/>\n\t<meta name=\"twitter:data1\" content=\"1 \u043c\u0438\u043d\u0443\u0442\" \/>\n<script type=\"application\/ld+json\" class=\"yoast-schema-graph\">{\"@context\":\"https:\/\/schema.org\",\"@graph\":[{\"@type\":\"WebPage\",\"@id\":\"https:\/\/www.bgf.rs\/lt\/pprijatelji-fondacije\/prijatelji\/\",\"url\":\"https:\/\/www.bgf.rs\/lt\/pprijatelji-fondacije\/prijatelji\/\",\"name\":\"Prijatelji | Beogradska filharmonija\",\"isPartOf\":{\"@id\":\"https:\/\/www.bgf.rs\/#website\"},\"primaryImageOfPage\":{\"@id\":\"https:\/\/www.bgf.rs\/lt\/pprijatelji-fondacije\/prijatelji\/#primaryimage\"},\"image\":{\"@id\":\"https:\/\/www.bgf.rs\/lt\/pprijatelji-fondacije\/prijatelji\/#primaryimage\"},\"thumbnailUrl\":\"https:\/\/www.bgf.rs\/wp-content\/uploads\/2016\/02\/5.-Prijatelji.jpg\",\"datePublished\":\"2016-02-22T15:34:17+00:00\",\"dateModified\":\"2016-02-25T13:52:35+00:00\",\"breadcrumb\":{\"@id\":\"https:\/\/www.bgf.rs\/lt\/pprijatelji-fondacije\/prijatelji\/#breadcrumb\"},\"inLanguage\":\"sr-RS\",\"potentialAction\":[{\"@type\":\"ReadAction\",\"target\":[\"https:\/\/www.bgf.rs\/lt\/pprijatelji-fondacije\/prijatelji\/\"]}]},{\"@type\":\"ImageObject\",\"inLanguage\":\"sr-RS\",\"@id\":\"https:\/\/www.bgf.rs\/lt\/pprijatelji-fondacije\/prijatelji\/#primaryimage\",\"url\":\"https:\/\/www.bgf.rs\/wp-content\/uploads\/2016\/02\/5.-Prijatelji.jpg\",\"contentUrl\":\"https:\/\/www.bgf.rs\/wp-content\/uploads\/2016\/02\/5.-Prijatelji.jpg\",\"width\":870,\"height\":350},{\"@type\":\"BreadcrumbList\",\"@id\":\"https:\/\/www.bgf.rs\/lt\/pprijatelji-fondacije\/prijatelji\/#breadcrumb\",\"itemListElement\":[{\"@type\":\"ListItem\",\"position\":1,\"name\":\"Home\",\"item\":\"https:\/\/www.bgf.rs\/\"},{\"@type\":\"ListItem\",\"position\":2,\"name\":\"Prijatelji fondacije\",\"item\":\"https:\/\/www.bgf.rs\/lt\/pprijatelji-fondacije\/\"},{\"@type\":\"ListItem\",\"position\":3,\"name\":\"Prijatelji\"}]},{\"@type\":\"WebSite\",\"@id\":\"https:\/\/www.bgf.rs\/#website\",\"url\":\"https:\/\/www.bgf.rs\/\",\"name\":\"Beogradska filharmonija\",\"description\":\"Samo muzika - jer do\u017eivljaj nema cenu!\",\"potentialAction\":[{\"@type\":\"SearchAction\",\"target\":{\"@type\":\"EntryPoint\",\"urlTemplate\":\"https:\/\/www.bgf.rs\/?s={search_term_string}\"},\"query-input\":{\"@type\":\"PropertyValueSpecification\",\"valueRequired\":true,\"valueName\":\"search_term_string\"}}],\"inLanguage\":\"sr-RS\"}]}<\/script>\n<!-- \/ Yoast SEO plugin. -->","yoast_head_json":{"title":"Prijatelji | Beogradska filharmonija","robots":{"index":"index","follow":"follow","max-snippet":"max-snippet:-1","max-image-preview":"max-image-preview:large","max-video-preview":"max-video-preview:-1"},"canonical":"https:\/\/www.bgf.rs\/pprijatelji-fondacije\/prijatelji\/","og_locale":"sr_RS","og_type":"article","og_title":"Prijatelji | Beogradska filharmonija","og_description":"Za skoro deceniju svog postojanja, Fondacija je realizovala veliki broj projekata i aktivnosti u skladu sa svojim cil\u0458evima. Ve\u0107ina aktivnosti je realizovana uz podr\u0161ku partnera i saradnika, a neretko je saradnja prerasla u istinsko prijatel\u0458stvo i partnerstvo. Pomenimo samo neke: Fondacije: Fondacija Hemofarm Delta fondacija Diplomatska predstavni\u0161tva i strane misije: Ambasada SAD Ambasada Izraela Delegacija [&hellip;]","og_url":"https:\/\/www.bgf.rs\/lt\/pprijatelji-fondacije\/prijatelji\/","og_site_name":"Beogradska filharmonija","article_modified_time":"2016-02-25T13:52:35+00:00","og_image":[{"width":870,"height":350,"url":"https:\/\/www.bgf.rs\/wp-content\/uploads\/2016\/02\/5.-Prijatelji.jpg","type":"image\/jpeg"}],"twitter_card":"summary_large_image","twitter_site":"@BGFilharmonija","twitter_misc":{"\u041f\u0440\u043e\u0446\u0435\u045a\u0435\u043d\u043e \u0432\u0440\u0435\u043c\u0435 \u0447\u0438\u0442\u0430\u045a\u0430":"1 \u043c\u0438\u043d\u0443\u0442"},"schema":{"@context":"https:\/\/schema.org","@graph":[{"@type":"WebPage","@id":"https:\/\/www.bgf.rs\/lt\/pprijatelji-fondacije\/prijatelji\/","url":"https:\/\/www.bgf.rs\/lt\/pprijatelji-fondacije\/prijatelji\/","name":"Prijatelji | Beogradska filharmonija","isPartOf":{"@id":"https:\/\/www.bgf.rs\/#website"},"primaryImageOfPage":{"@id":"https:\/\/www.bgf.rs\/lt\/pprijatelji-fondacije\/prijatelji\/#primaryimage"},"image":{"@id":"https:\/\/www.bgf.rs\/lt\/pprijatelji-fondacije\/prijatelji\/#primaryimage"},"thumbnailUrl":"https:\/\/www.bgf.rs\/wp-content\/uploads\/2016\/02\/5.-Prijatelji.jpg","datePublished":"2016-02-22T15:34:17+00:00","dateModified":"2016-02-25T13:52:35+00:00","breadcrumb":{"@id":"https:\/\/www.bgf.rs\/lt\/pprijatelji-fondacije\/prijatelji\/#breadcrumb"},"inLanguage":"sr-RS","potentialAction":[{"@type":"ReadAction","target":["https:\/\/www.bgf.rs\/lt\/pprijatelji-fondacije\/prijatelji\/"]}]},{"@type":"ImageObject","inLanguage":"sr-RS","@id":"https:\/\/www.bgf.rs\/lt\/pprijatelji-fondacije\/prijatelji\/#primaryimage","url":"https:\/\/www.bgf.rs\/wp-content\/uploads\/2016\/02\/5.-Prijatelji.jpg","contentUrl":"https:\/\/www.bgf.rs\/wp-content\/uploads\/2016\/02\/5.-Prijatelji.jpg","width":870,"height":350},{"@type":"BreadcrumbList","@id":"https:\/\/www.bgf.rs\/lt\/pprijatelji-fondacije\/prijatelji\/#breadcrumb","itemListElement":[{"@type":"ListItem","position":1,"name":"Home","item":"https:\/\/www.bgf.rs\/"},{"@type":"ListItem","position":2,"name":"Prijatelji fondacije","item":"https:\/\/www.bgf.rs\/lt\/pprijatelji-fondacije\/"},{"@type":"ListItem","position":3,"name":"Prijatelji"}]},{"@type":"WebSite","@id":"https:\/\/www.bgf.rs\/#website","url":"https:\/\/www.bgf.rs\/","name":"Beogradska filharmonija","description":"Samo muzika - jer do\u017eivljaj nema cenu!","potentialAction":[{"@type":"SearchAction","target":{"@type":"EntryPoint","urlTemplate":"https:\/\/www.bgf.rs\/?s={search_term_string}"},"query-input":{"@type":"PropertyValueSpecification","valueRequired":true,"valueName":"search_term_string"}}],"inLanguage":"sr-RS"}]}},"_links":{"self":[{"href":"https:\/\/www.bgf.rs\/lt\/wp-json\/wp\/v2\/pages\/4937\/"}],"collection":[{"href":"https:\/\/www.bgf.rs\/lt\/wp-json\/wp\/v2\/pages\/"}],"about":[{"href":"https:\/\/www.bgf.rs\/lt\/wp-json\/wp\/v2\/types\/page\/"}],"author":[{"embeddable":true,"href":"https:\/\/www.bgf.rs\/lt\/wp-json\/wp\/v2\/users\/1\/"}],"replies":[{"embeddable":true,"href":"https:\/\/www.bgf.rs\/lt\/wp-json\/wp\/v2\/comments\/?post=4937"}],"version-history":[{"count":0,"href":"https:\/\/www.bgf.rs\/lt\/wp-json\/wp\/v2\/pages\/4937\/revisions\/"}],"up":[{"embeddable":true,"href":"https:\/\/www.bgf.rs\/lt\/wp-json\/wp\/v2\/pages\/1682\/"}],"wp:featuredmedia":[{"embeddable":true,"href":"https:\/\/www.bgf.rs\/lt\/wp-json\/wp\/v2\/media\/5075\/"}],"wp:attachment":[{"href":"https:\/\/www.bgf.rs\/lt\/wp-json\/wp\/v2\/media\/?parent=4937"}],"curies":[{"name":"wp","href":"https:\/\/api.w.org\/{rel}","templated":true}]}}