{"id":2472,"date":"2015-12-20T22:01:13","date_gmt":"2015-12-20T22:01:13","guid":{"rendered":"http:\/\/www.bgf.rs\/lt\/?page_id=2472"},"modified":"2016-02-29T12:01:45","modified_gmt":"2016-02-29T12:01:45","slug":"ostali-projekti","status":"publish","type":"page","link":"https:\/\/www.bgf.rs\/lt\/projekti-i-aktivnosti\/ostali-projekti\/","title":{"rendered":"Ostali projekti"},"content":{"rendered":"<p><span style=\"text-decoration: underline;\"><strong>Regionalna saradnja<\/strong><\/span><\/p>\n<p>Ucpostavl\u0458anje regionalne saradnje sa Zagreba\u010dkom i Slovena\u010dkom filharmonijom, kroz projekat <em>Pika \u2013 To\u010dka \u2013 Ta\u010dka<\/em>, jedan je od najzna\u010dajnijih projekata Fondacije, sa dugoro\u010dnim efektom.<\/p>\n<p>Prvi kulturni projekat ovakvih razmera, inicirali su 2011. direktori tri nacionalna orkestra iz regiona, a zvani\u010dno podr\u017eali predsednici i premijeri sve tri dr\u017eave, gradona\u010delnici sva tri grada i ambasada SAD.<\/p>\n<p>Tokom tri sezone, do 2014. realizovan je zajedni\u010dki program koji se sastojao od istih kompozicija, solista i dirigenata u okviru redovnih koncertnih sezona ova tri orkestra kao i od njihovih me\u0111usobnih gostovanja.<\/p>\n<p>Ovaj uspe\u0161an projekat dao je podstrek za poslovanje tri orkestra, omogu\u0107io dal\u0458e reforme politike u oblasti kulture, transparentnije finansiranje i usagla\u0161avanje sa evropskim standardima upravl\u0458anja kulturnim institucijama.<\/p>\n<p><span style=\"text-decoration: underline;\"><strong>Nove godine \u2013 u slavu razli\u010ditosti<\/strong><\/span><\/p>\n<p>Od 2011 do 2014. godine, jedan ciklus koncerata Beogradske filharmonije nosio je naziv Nove godine, u kome su ravnopravno obele\u017eavane nove godine po islamskom, kineskom, gregorijanskom, julijanskom i jevrejskom kalendaru. Projekat je podr\u017ean od strane Evropske unije.<\/p>\n<p>Nismo daleko morali oti\u0107i u potrazi za inspiracijom za ovaj projekat. U krugu od samo nekoliko stotina metara od zgrade Beogradske filharmonije, nalaze se i sinagoga i d\u017eamija i pravoslavna i katoli\u010dka crkva. Razli\u010dite kulture obele\u017eavaju nove godine po razli\u010ditim kalendarima i taj momenat je naj\u010de\u0161\u0107e prepoznat kao va\u017ean element kulturnog, verskog, pa i nacionalnog identiteta. Proslava razli\u010ditih novih godina predstavl\u0458a dobru osnovu za podizanje nivoa svesti dru\u0161tva koje ra\u010duna na pluralizam kultura, jer se sli\u010dan doga\u0111aj obele\u017eava u razli\u010dito vreme i na razli\u010dite na\u010dine, a u zavisnosti od tradicije i kalendara. Nova godina je povezana ili sa slavl\u0458em i atmosferom optimizma, ili pak, predstavl\u0458a vreme za filozofsko i duhovno samopreispitivanje. U svakom slu\u010daju, obele\u017eavanje Nove godine predstavl\u0458a idealan okvir za interakciju razli\u010ditih kultura, tradicija i obi\u010daja s obzirom na to da dominira sve\u010dani karakter obele\u017eavanja novog po\u010detka i novog \u017eivotnog ciklusa. Ovo kulturolo\u0161ko pro\u017eimanje je posebno bitno za Srbiju, koja \u017eivi na raskr\u0161\u0107u kultura, izme\u0111u Istoka i Zapada.<\/p>\n<p>Sve su to razlozi koji su vodili Beogradsku filharmoniju i njenu Fondaciju, kada su zapo\u010dele ciklus koncerata obele\u017eavanja novih godina po gregorijanskom, julijanskom, kineskom, jevrejskom i islamskom kalendaru. Koriste\u0107i snagu muzike kao jezika koji, po definiciji, najlak\u0161e probija kulturolo\u0161ke barijere, upoznajemo na\u0161u publiku sa univerzalnim vrednostima koje delimo sa mnogim narodima koji su \u017eiveli ili i danas \u017eive na ovom podru\u010dju. Obele\u017eavanjem datuma koji simbolizuje novi po\u010detak, stvara se pozitivna atmosfera u kojoj razli\u010ditost predstavl\u0458a kvalitet, po\u010detak razumevanja unutar jednog dru\u0161tva i osnov njegovog pluralizma.<\/p>\n<p>Duboko verujemo da se institucije kulture, poput Beogradske filharmonije, moraju aktivno ukl\u0458u\u010diti u stvaranje prostora za dijalog me\u0111u razli\u010ditim kulturama jer upravo umetnost, a najvi\u0161e muzika, predstavl\u0458a medij koji podsti\u010de duhovnost i kreativnost kao vrednosti koje svet \u010dine saose\u0107ajnijim i plemenitijim.<\/p>\n<p><span style=\"text-decoration: underline;\"><strong>Projekti dru\u0161tvene odgovornosti<\/strong><\/span><\/p>\n<p>Osim aktivnosti koje podrazumevaju pobol\u0458\u0161anje kvaliteta rada orkestra, \u0161to je njen primarni cil\u0458, Fondacija Beogradske Filharmonije realizovala je i brojne projekte dru\u0161tvene odgovornosti. Izdvajamo slede\u0107e projekte:<\/p>\n<ul>\n<li>Saradnja sa Kreativno \u2013 edukativnim centrom. \u0160ti\u0107enici ovog centra su anga\u017eovani kao razvodnici na koncertima Beogradske filharmonije sa zadatkom da dele publici koncertne programe. Ovim projektom se pored socijalne inkluzije i anga\u017eovanja mentalno nedovol\u0458no razvijenih osoba, vr\u0161i i edukacija publike i dru\u0161tva u celosti.<\/li>\n<li>Saradnja sa Gerontolo\u0161kim centrom u Subotici. Ova saradnja se odvija u dva pravca: organizovane posete \u0161ti\u0107enika Gerontolo\u0161kog centra redovnim koncertima Beogradske filharmonije u Beogradu i gostovanja kamernih ansambala u Subotici u prostorijama Centra.<\/li>\n<li>Saradnja sa Univerzitetom umetnosti i muzi\u010dkim \u0161kolama na Kosovu i Metohiji. Fondacija Beogradske filharmonije, u skladu sa mogu\u0107nostima, pru\u017ea podr\u0161ku muzi\u010dkom obrazovanju i razvoju muzi\u010dkog \u017eivota u srpskim enklavama na Kosovu i Metohiji. Do sada su realizovane posete, nastupi i majstorski kursevi muzi\u010dara Beogradske filharmonije na KiM, organizovane posete u\u010denika sa KiM koncertima Beogradske filharmonije i donacije muzi\u010dkih instrumenata i sredstava za muzi\u010dko obrazovanje.<\/li>\n<\/ul>\n","protected":false},"excerpt":{"rendered":"<p>Regionalna saradnja Ucpostavl\u0458anje regionalne saradnje sa Zagreba\u010dkom i Slovena\u010dkom filharmonijom, kroz projekat Pika \u2013 To\u010dka \u2013 Ta\u010dka, jedan je od najzna\u010dajnijih projekata Fondacije, sa dugoro\u010dnim efektom. Prvi kulturni projekat ovakvih razmera, inicirali su 2011. direktori tri nacionalna orkestra iz regiona, a zvani\u010dno podr\u017eali predsednici i premijeri sve tri dr\u017eave, gradona\u010delnici sva tri grada i ambasada [&hellip;]<\/p>\n","protected":false},"author":1,"featured_media":5009,"parent":1678,"menu_order":0,"comment_status":"closed","ping_status":"closed","template":"page-foundation-projects.php","meta":{"_acf_changed":false,"footnotes":""},"class_list":["post-2472","page","type-page","status-publish","has-post-thumbnail","hentry"],"acf":[],"yoast_head":"<!-- This site is optimized with the Yoast SEO plugin v23.4 - https:\/\/yoast.com\/wordpress\/plugins\/seo\/ -->\n<title>Ostali projekti | Beogradska filharmonija<\/title>\n<meta name=\"robots\" content=\"index, follow, max-snippet:-1, max-image-preview:large, max-video-preview:-1\" \/>\n<link rel=\"canonical\" href=\"https:\/\/www.bgf.rs\/projekti-i-aktivnosti\/ostali-projekti\/\" \/>\n<meta property=\"og:locale\" content=\"sr_RS\" \/>\n<meta property=\"og:type\" content=\"article\" \/>\n<meta property=\"og:title\" content=\"Ostali projekti | Beogradska filharmonija\" \/>\n<meta property=\"og:description\" content=\"Regionalna saradnja Ucpostavl\u0458anje regionalne saradnje sa Zagreba\u010dkom i Slovena\u010dkom filharmonijom, kroz projekat Pika \u2013 To\u010dka \u2013 Ta\u010dka, jedan je od najzna\u010dajnijih projekata Fondacije, sa dugoro\u010dnim efektom. Prvi kulturni projekat ovakvih razmera, inicirali su 2011. direktori tri nacionalna orkestra iz regiona, a zvani\u010dno podr\u017eali predsednici i premijeri sve tri dr\u017eave, gradona\u010delnici sva tri grada i ambasada [&hellip;]\" \/>\n<meta property=\"og:url\" content=\"https:\/\/www.bgf.rs\/lt\/projekti-i-aktivnosti\/ostali-projekti\/\" \/>\n<meta property=\"og:site_name\" content=\"Beogradska filharmonija\" \/>\n<meta property=\"article:modified_time\" content=\"2016-02-29T12:01:45+00:00\" \/>\n<meta property=\"og:image\" content=\"https:\/\/www.bgf.rs\/wp-content\/uploads\/2016\/02\/4.-Ostali-projekti.jpg\" \/>\n\t<meta property=\"og:image:width\" content=\"870\" \/>\n\t<meta property=\"og:image:height\" content=\"350\" \/>\n\t<meta property=\"og:image:type\" content=\"image\/jpeg\" \/>\n<meta name=\"twitter:card\" content=\"summary_large_image\" \/>\n<meta name=\"twitter:site\" content=\"@BGFilharmonija\" \/>\n<meta name=\"twitter:label1\" content=\"\u041f\u0440\u043e\u0446\u0435\u045a\u0435\u043d\u043e \u0432\u0440\u0435\u043c\u0435 \u0447\u0438\u0442\u0430\u045a\u0430\" \/>\n\t<meta name=\"twitter:data1\" content=\"4 \u043c\u0438\u043d\u0443\u0442\u0430\" \/>\n<script type=\"application\/ld+json\" class=\"yoast-schema-graph\">{\"@context\":\"https:\/\/schema.org\",\"@graph\":[{\"@type\":\"WebPage\",\"@id\":\"https:\/\/www.bgf.rs\/lt\/projekti-i-aktivnosti\/ostali-projekti\/\",\"url\":\"https:\/\/www.bgf.rs\/lt\/projekti-i-aktivnosti\/ostali-projekti\/\",\"name\":\"Ostali projekti | Beogradska filharmonija\",\"isPartOf\":{\"@id\":\"https:\/\/www.bgf.rs\/#website\"},\"primaryImageOfPage\":{\"@id\":\"https:\/\/www.bgf.rs\/lt\/projekti-i-aktivnosti\/ostali-projekti\/#primaryimage\"},\"image\":{\"@id\":\"https:\/\/www.bgf.rs\/lt\/projekti-i-aktivnosti\/ostali-projekti\/#primaryimage\"},\"thumbnailUrl\":\"https:\/\/www.bgf.rs\/wp-content\/uploads\/2016\/02\/4.-Ostali-projekti.jpg\",\"datePublished\":\"2015-12-20T22:01:13+00:00\",\"dateModified\":\"2016-02-29T12:01:45+00:00\",\"breadcrumb\":{\"@id\":\"https:\/\/www.bgf.rs\/lt\/projekti-i-aktivnosti\/ostali-projekti\/#breadcrumb\"},\"inLanguage\":\"sr-RS\",\"potentialAction\":[{\"@type\":\"ReadAction\",\"target\":[\"https:\/\/www.bgf.rs\/lt\/projekti-i-aktivnosti\/ostali-projekti\/\"]}]},{\"@type\":\"ImageObject\",\"inLanguage\":\"sr-RS\",\"@id\":\"https:\/\/www.bgf.rs\/lt\/projekti-i-aktivnosti\/ostali-projekti\/#primaryimage\",\"url\":\"https:\/\/www.bgf.rs\/wp-content\/uploads\/2016\/02\/4.-Ostali-projekti.jpg\",\"contentUrl\":\"https:\/\/www.bgf.rs\/wp-content\/uploads\/2016\/02\/4.-Ostali-projekti.jpg\",\"width\":870,\"height\":350,\"caption\":\"07. febuar 2013. Kineska Nova godina Dirigent: Elaju fon Erlenbah Solista: Lionel Kote, violoncelo Zu Djan-er: Festivalska uvertira Kigang Cen: Odraz proslosti, za violoncelo i orkestar Cen Pejksun: Oda snegu Cen Ji: Stih vatre Veng Ksilin: Noc Festivala baklji iz Simfonijske poeme Junana koncert Beograd, 07.02.2013. foto Marko Djokovic\/BEOGRADSKA FILHARMONIJA\"},{\"@type\":\"BreadcrumbList\",\"@id\":\"https:\/\/www.bgf.rs\/lt\/projekti-i-aktivnosti\/ostali-projekti\/#breadcrumb\",\"itemListElement\":[{\"@type\":\"ListItem\",\"position\":1,\"name\":\"Home\",\"item\":\"https:\/\/www.bgf.rs\/\"},{\"@type\":\"ListItem\",\"position\":2,\"name\":\"Projekti i aktivnosti\",\"item\":\"https:\/\/www.bgf.rs\/lt\/projekti-i-aktivnosti\/\"},{\"@type\":\"ListItem\",\"position\":3,\"name\":\"Ostali projekti\"}]},{\"@type\":\"WebSite\",\"@id\":\"https:\/\/www.bgf.rs\/#website\",\"url\":\"https:\/\/www.bgf.rs\/\",\"name\":\"Beogradska filharmonija\",\"description\":\"Samo muzika - jer do\u017eivljaj nema cenu!\",\"potentialAction\":[{\"@type\":\"SearchAction\",\"target\":{\"@type\":\"EntryPoint\",\"urlTemplate\":\"https:\/\/www.bgf.rs\/?s={search_term_string}\"},\"query-input\":{\"@type\":\"PropertyValueSpecification\",\"valueRequired\":true,\"valueName\":\"search_term_string\"}}],\"inLanguage\":\"sr-RS\"}]}<\/script>\n<!-- \/ Yoast SEO plugin. -->","yoast_head_json":{"title":"Ostali projekti | Beogradska filharmonija","robots":{"index":"index","follow":"follow","max-snippet":"max-snippet:-1","max-image-preview":"max-image-preview:large","max-video-preview":"max-video-preview:-1"},"canonical":"https:\/\/www.bgf.rs\/projekti-i-aktivnosti\/ostali-projekti\/","og_locale":"sr_RS","og_type":"article","og_title":"Ostali projekti | Beogradska filharmonija","og_description":"Regionalna saradnja Ucpostavl\u0458anje regionalne saradnje sa Zagreba\u010dkom i Slovena\u010dkom filharmonijom, kroz projekat Pika \u2013 To\u010dka \u2013 Ta\u010dka, jedan je od najzna\u010dajnijih projekata Fondacije, sa dugoro\u010dnim efektom. Prvi kulturni projekat ovakvih razmera, inicirali su 2011. direktori tri nacionalna orkestra iz regiona, a zvani\u010dno podr\u017eali predsednici i premijeri sve tri dr\u017eave, gradona\u010delnici sva tri grada i ambasada [&hellip;]","og_url":"https:\/\/www.bgf.rs\/lt\/projekti-i-aktivnosti\/ostali-projekti\/","og_site_name":"Beogradska filharmonija","article_modified_time":"2016-02-29T12:01:45+00:00","og_image":[{"width":870,"height":350,"url":"https:\/\/www.bgf.rs\/wp-content\/uploads\/2016\/02\/4.-Ostali-projekti.jpg","type":"image\/jpeg"}],"twitter_card":"summary_large_image","twitter_site":"@BGFilharmonija","twitter_misc":{"\u041f\u0440\u043e\u0446\u0435\u045a\u0435\u043d\u043e \u0432\u0440\u0435\u043c\u0435 \u0447\u0438\u0442\u0430\u045a\u0430":"4 \u043c\u0438\u043d\u0443\u0442\u0430"},"schema":{"@context":"https:\/\/schema.org","@graph":[{"@type":"WebPage","@id":"https:\/\/www.bgf.rs\/lt\/projekti-i-aktivnosti\/ostali-projekti\/","url":"https:\/\/www.bgf.rs\/lt\/projekti-i-aktivnosti\/ostali-projekti\/","name":"Ostali projekti | Beogradska filharmonija","isPartOf":{"@id":"https:\/\/www.bgf.rs\/#website"},"primaryImageOfPage":{"@id":"https:\/\/www.bgf.rs\/lt\/projekti-i-aktivnosti\/ostali-projekti\/#primaryimage"},"image":{"@id":"https:\/\/www.bgf.rs\/lt\/projekti-i-aktivnosti\/ostali-projekti\/#primaryimage"},"thumbnailUrl":"https:\/\/www.bgf.rs\/wp-content\/uploads\/2016\/02\/4.-Ostali-projekti.jpg","datePublished":"2015-12-20T22:01:13+00:00","dateModified":"2016-02-29T12:01:45+00:00","breadcrumb":{"@id":"https:\/\/www.bgf.rs\/lt\/projekti-i-aktivnosti\/ostali-projekti\/#breadcrumb"},"inLanguage":"sr-RS","potentialAction":[{"@type":"ReadAction","target":["https:\/\/www.bgf.rs\/lt\/projekti-i-aktivnosti\/ostali-projekti\/"]}]},{"@type":"ImageObject","inLanguage":"sr-RS","@id":"https:\/\/www.bgf.rs\/lt\/projekti-i-aktivnosti\/ostali-projekti\/#primaryimage","url":"https:\/\/www.bgf.rs\/wp-content\/uploads\/2016\/02\/4.-Ostali-projekti.jpg","contentUrl":"https:\/\/www.bgf.rs\/wp-content\/uploads\/2016\/02\/4.-Ostali-projekti.jpg","width":870,"height":350,"caption":"07. febuar 2013. Kineska Nova godina Dirigent: Elaju fon Erlenbah Solista: Lionel Kote, violoncelo Zu Djan-er: Festivalska uvertira Kigang Cen: Odraz proslosti, za violoncelo i orkestar Cen Pejksun: Oda snegu Cen Ji: Stih vatre Veng Ksilin: Noc Festivala baklji iz Simfonijske poeme Junana koncert Beograd, 07.02.2013. foto Marko Djokovic\/BEOGRADSKA FILHARMONIJA"},{"@type":"BreadcrumbList","@id":"https:\/\/www.bgf.rs\/lt\/projekti-i-aktivnosti\/ostali-projekti\/#breadcrumb","itemListElement":[{"@type":"ListItem","position":1,"name":"Home","item":"https:\/\/www.bgf.rs\/"},{"@type":"ListItem","position":2,"name":"Projekti i aktivnosti","item":"https:\/\/www.bgf.rs\/lt\/projekti-i-aktivnosti\/"},{"@type":"ListItem","position":3,"name":"Ostali projekti"}]},{"@type":"WebSite","@id":"https:\/\/www.bgf.rs\/#website","url":"https:\/\/www.bgf.rs\/","name":"Beogradska filharmonija","description":"Samo muzika - jer do\u017eivljaj nema cenu!","potentialAction":[{"@type":"SearchAction","target":{"@type":"EntryPoint","urlTemplate":"https:\/\/www.bgf.rs\/?s={search_term_string}"},"query-input":{"@type":"PropertyValueSpecification","valueRequired":true,"valueName":"search_term_string"}}],"inLanguage":"sr-RS"}]}},"_links":{"self":[{"href":"https:\/\/www.bgf.rs\/lt\/wp-json\/wp\/v2\/pages\/2472\/"}],"collection":[{"href":"https:\/\/www.bgf.rs\/lt\/wp-json\/wp\/v2\/pages\/"}],"about":[{"href":"https:\/\/www.bgf.rs\/lt\/wp-json\/wp\/v2\/types\/page\/"}],"author":[{"embeddable":true,"href":"https:\/\/www.bgf.rs\/lt\/wp-json\/wp\/v2\/users\/1\/"}],"replies":[{"embeddable":true,"href":"https:\/\/www.bgf.rs\/lt\/wp-json\/wp\/v2\/comments\/?post=2472"}],"version-history":[{"count":0,"href":"https:\/\/www.bgf.rs\/lt\/wp-json\/wp\/v2\/pages\/2472\/revisions\/"}],"up":[{"embeddable":true,"href":"https:\/\/www.bgf.rs\/lt\/wp-json\/wp\/v2\/pages\/1678\/"}],"wp:featuredmedia":[{"embeddable":true,"href":"https:\/\/www.bgf.rs\/lt\/wp-json\/wp\/v2\/media\/5009\/"}],"wp:attachment":[{"href":"https:\/\/www.bgf.rs\/lt\/wp-json\/wp\/v2\/media\/?parent=2472"}],"curies":[{"name":"wp","href":"https:\/\/api.w.org\/{rel}","templated":true}]}}