{"id":2422,"date":"2015-12-14T15:10:17","date_gmt":"2015-12-14T14:10:17","guid":{"rendered":"http:\/\/www.bgf.rs\/lt\/?page_id=2422"},"modified":"2016-10-26T10:43:43","modified_gmt":"2016-10-26T10:43:43","slug":"kako-do-nas","status":"publish","type":"page","link":"https:\/\/www.bgf.rs\/lt\/pre-koncerta\/kako-do-nas\/","title":{"rendered":"Kako do nas"},"content":{"rendered":"<p><b>Automobilom<\/b><br \/>\n&nbsp;<br \/>\nUkoliko se odlu\u010dite da na koncert do\u0111ete sopstvenim prevozom, imajte u vidu da parking nije obezbe\u0111en, ve\u0107 vozilo mo\u017eete ostaviti u nekoj od tri parking zone u blizini Studentskog trga. Imajte u vidu da je ulicom Vase \u010carapi\u0107a zabranjen saobra\u0107aj za putni\u010dka vozila, osim za taksi vozila i javni prevoz.<br \/>\n&nbsp;<br \/>\n<b>Javnim prevozom<\/b><br \/>\n&nbsp;<br \/>\nStanica: STUDENTSKI TRG<\/p>\n<p>Trolejbus: 19, 21, 22, 22L, 28, 29, 41<\/p>\n<p>Autobus: 31<\/p>\n","protected":false},"excerpt":{"rendered":"<p>Automobilom &nbsp; Ukoliko se odlu\u010dite da na koncert do\u0111ete sopstvenim prevozom, imajte u vidu da parking nije obezbe\u0111en, ve\u0107 vozilo mo\u017eete ostaviti u nekoj od tri parking zone u blizini Studentskog trga. Imajte u vidu da je ulicom Vase \u010carapi\u0107a zabranjen saobra\u0107aj za putni\u010dka vozila, osim za taksi vozila i javni prevoz. &nbsp; Javnim prevozom [&hellip;]<\/p>\n","protected":false},"author":1,"featured_media":3881,"parent":1501,"menu_order":0,"comment_status":"closed","ping_status":"closed","template":"","meta":{"_acf_changed":false,"footnotes":""},"class_list":["post-2422","page","type-page","status-publish","has-post-thumbnail","hentry"],"acf":[],"yoast_head":"<!-- This site is optimized with the Yoast SEO plugin v23.4 - https:\/\/yoast.com\/wordpress\/plugins\/seo\/ -->\n<title>Kako do nas | Beogradska filharmonija<\/title>\n<meta name=\"robots\" content=\"index, follow, max-snippet:-1, max-image-preview:large, max-video-preview:-1\" \/>\n<link rel=\"canonical\" href=\"https:\/\/www.bgf.rs\/pre-koncerta\/kako-do-nas\/\" \/>\n<meta property=\"og:locale\" content=\"sr_RS\" \/>\n<meta property=\"og:type\" content=\"article\" \/>\n<meta property=\"og:title\" content=\"Kako do nas | Beogradska filharmonija\" \/>\n<meta property=\"og:description\" content=\"Automobilom &nbsp; Ukoliko se odlu\u010dite da na koncert do\u0111ete sopstvenim prevozom, imajte u vidu da parking nije obezbe\u0111en, ve\u0107 vozilo mo\u017eete ostaviti u nekoj od tri parking zone u blizini Studentskog trga. Imajte u vidu da je ulicom Vase \u010carapi\u0107a zabranjen saobra\u0107aj za putni\u010dka vozila, osim za taksi vozila i javni prevoz. &nbsp; Javnim prevozom [&hellip;]\" \/>\n<meta property=\"og:url\" content=\"https:\/\/www.bgf.rs\/lt\/pre-koncerta\/kako-do-nas\/\" \/>\n<meta property=\"og:site_name\" content=\"Beogradska filharmonija\" \/>\n<meta property=\"article:modified_time\" content=\"2016-10-26T10:43:43+00:00\" \/>\n<meta property=\"og:image\" content=\"https:\/\/www.bgf.rs\/wp-content\/uploads\/2015\/12\/4.-Kako-do-nas.jpg\" \/>\n\t<meta property=\"og:image:width\" content=\"870\" \/>\n\t<meta property=\"og:image:height\" content=\"350\" \/>\n\t<meta property=\"og:image:type\" content=\"image\/jpeg\" \/>\n<meta name=\"twitter:card\" content=\"summary_large_image\" \/>\n<meta name=\"twitter:site\" content=\"@BGFilharmonija\" \/>\n<script type=\"application\/ld+json\" class=\"yoast-schema-graph\">{\"@context\":\"https:\/\/schema.org\",\"@graph\":[{\"@type\":\"WebPage\",\"@id\":\"https:\/\/www.bgf.rs\/lt\/pre-koncerta\/kako-do-nas\/\",\"url\":\"https:\/\/www.bgf.rs\/lt\/pre-koncerta\/kako-do-nas\/\",\"name\":\"Kako do nas | Beogradska filharmonija\",\"isPartOf\":{\"@id\":\"https:\/\/www.bgf.rs\/#website\"},\"primaryImageOfPage\":{\"@id\":\"https:\/\/www.bgf.rs\/lt\/pre-koncerta\/kako-do-nas\/#primaryimage\"},\"image\":{\"@id\":\"https:\/\/www.bgf.rs\/lt\/pre-koncerta\/kako-do-nas\/#primaryimage\"},\"thumbnailUrl\":\"https:\/\/www.bgf.rs\/wp-content\/uploads\/2015\/12\/4.-Kako-do-nas.jpg\",\"datePublished\":\"2015-12-14T14:10:17+00:00\",\"dateModified\":\"2016-10-26T10:43:43+00:00\",\"breadcrumb\":{\"@id\":\"https:\/\/www.bgf.rs\/lt\/pre-koncerta\/kako-do-nas\/#breadcrumb\"},\"inLanguage\":\"sr-RS\",\"potentialAction\":[{\"@type\":\"ReadAction\",\"target\":[\"https:\/\/www.bgf.rs\/lt\/pre-koncerta\/kako-do-nas\/\"]}]},{\"@type\":\"ImageObject\",\"inLanguage\":\"sr-RS\",\"@id\":\"https:\/\/www.bgf.rs\/lt\/pre-koncerta\/kako-do-nas\/#primaryimage\",\"url\":\"https:\/\/www.bgf.rs\/wp-content\/uploads\/2015\/12\/4.-Kako-do-nas.jpg\",\"contentUrl\":\"https:\/\/www.bgf.rs\/wp-content\/uploads\/2015\/12\/4.-Kako-do-nas.jpg\",\"width\":870,\"height\":350},{\"@type\":\"BreadcrumbList\",\"@id\":\"https:\/\/www.bgf.rs\/lt\/pre-koncerta\/kako-do-nas\/#breadcrumb\",\"itemListElement\":[{\"@type\":\"ListItem\",\"position\":1,\"name\":\"Home\",\"item\":\"https:\/\/www.bgf.rs\/\"},{\"@type\":\"ListItem\",\"position\":2,\"name\":\"Pre koncerta\",\"item\":\"https:\/\/www.bgf.rs\/lt\/pre-koncerta\/\"},{\"@type\":\"ListItem\",\"position\":3,\"name\":\"Kako do nas\"}]},{\"@type\":\"WebSite\",\"@id\":\"https:\/\/www.bgf.rs\/#website\",\"url\":\"https:\/\/www.bgf.rs\/\",\"name\":\"Beogradska filharmonija\",\"description\":\"Samo muzika - jer do\u017eivljaj nema cenu!\",\"potentialAction\":[{\"@type\":\"SearchAction\",\"target\":{\"@type\":\"EntryPoint\",\"urlTemplate\":\"https:\/\/www.bgf.rs\/?s={search_term_string}\"},\"query-input\":{\"@type\":\"PropertyValueSpecification\",\"valueRequired\":true,\"valueName\":\"search_term_string\"}}],\"inLanguage\":\"sr-RS\"}]}<\/script>\n<!-- \/ Yoast SEO plugin. -->","yoast_head_json":{"title":"Kako do nas | Beogradska filharmonija","robots":{"index":"index","follow":"follow","max-snippet":"max-snippet:-1","max-image-preview":"max-image-preview:large","max-video-preview":"max-video-preview:-1"},"canonical":"https:\/\/www.bgf.rs\/pre-koncerta\/kako-do-nas\/","og_locale":"sr_RS","og_type":"article","og_title":"Kako do nas | Beogradska filharmonija","og_description":"Automobilom &nbsp; Ukoliko se odlu\u010dite da na koncert do\u0111ete sopstvenim prevozom, imajte u vidu da parking nije obezbe\u0111en, ve\u0107 vozilo mo\u017eete ostaviti u nekoj od tri parking zone u blizini Studentskog trga. Imajte u vidu da je ulicom Vase \u010carapi\u0107a zabranjen saobra\u0107aj za putni\u010dka vozila, osim za taksi vozila i javni prevoz. &nbsp; Javnim prevozom [&hellip;]","og_url":"https:\/\/www.bgf.rs\/lt\/pre-koncerta\/kako-do-nas\/","og_site_name":"Beogradska filharmonija","article_modified_time":"2016-10-26T10:43:43+00:00","og_image":[{"width":870,"height":350,"url":"https:\/\/www.bgf.rs\/wp-content\/uploads\/2015\/12\/4.-Kako-do-nas.jpg","type":"image\/jpeg"}],"twitter_card":"summary_large_image","twitter_site":"@BGFilharmonija","schema":{"@context":"https:\/\/schema.org","@graph":[{"@type":"WebPage","@id":"https:\/\/www.bgf.rs\/lt\/pre-koncerta\/kako-do-nas\/","url":"https:\/\/www.bgf.rs\/lt\/pre-koncerta\/kako-do-nas\/","name":"Kako do nas | Beogradska filharmonija","isPartOf":{"@id":"https:\/\/www.bgf.rs\/#website"},"primaryImageOfPage":{"@id":"https:\/\/www.bgf.rs\/lt\/pre-koncerta\/kako-do-nas\/#primaryimage"},"image":{"@id":"https:\/\/www.bgf.rs\/lt\/pre-koncerta\/kako-do-nas\/#primaryimage"},"thumbnailUrl":"https:\/\/www.bgf.rs\/wp-content\/uploads\/2015\/12\/4.-Kako-do-nas.jpg","datePublished":"2015-12-14T14:10:17+00:00","dateModified":"2016-10-26T10:43:43+00:00","breadcrumb":{"@id":"https:\/\/www.bgf.rs\/lt\/pre-koncerta\/kako-do-nas\/#breadcrumb"},"inLanguage":"sr-RS","potentialAction":[{"@type":"ReadAction","target":["https:\/\/www.bgf.rs\/lt\/pre-koncerta\/kako-do-nas\/"]}]},{"@type":"ImageObject","inLanguage":"sr-RS","@id":"https:\/\/www.bgf.rs\/lt\/pre-koncerta\/kako-do-nas\/#primaryimage","url":"https:\/\/www.bgf.rs\/wp-content\/uploads\/2015\/12\/4.-Kako-do-nas.jpg","contentUrl":"https:\/\/www.bgf.rs\/wp-content\/uploads\/2015\/12\/4.-Kako-do-nas.jpg","width":870,"height":350},{"@type":"BreadcrumbList","@id":"https:\/\/www.bgf.rs\/lt\/pre-koncerta\/kako-do-nas\/#breadcrumb","itemListElement":[{"@type":"ListItem","position":1,"name":"Home","item":"https:\/\/www.bgf.rs\/"},{"@type":"ListItem","position":2,"name":"Pre koncerta","item":"https:\/\/www.bgf.rs\/lt\/pre-koncerta\/"},{"@type":"ListItem","position":3,"name":"Kako do nas"}]},{"@type":"WebSite","@id":"https:\/\/www.bgf.rs\/#website","url":"https:\/\/www.bgf.rs\/","name":"Beogradska filharmonija","description":"Samo muzika - jer do\u017eivljaj nema cenu!","potentialAction":[{"@type":"SearchAction","target":{"@type":"EntryPoint","urlTemplate":"https:\/\/www.bgf.rs\/?s={search_term_string}"},"query-input":{"@type":"PropertyValueSpecification","valueRequired":true,"valueName":"search_term_string"}}],"inLanguage":"sr-RS"}]}},"_links":{"self":[{"href":"https:\/\/www.bgf.rs\/lt\/wp-json\/wp\/v2\/pages\/2422\/"}],"collection":[{"href":"https:\/\/www.bgf.rs\/lt\/wp-json\/wp\/v2\/pages\/"}],"about":[{"href":"https:\/\/www.bgf.rs\/lt\/wp-json\/wp\/v2\/types\/page\/"}],"author":[{"embeddable":true,"href":"https:\/\/www.bgf.rs\/lt\/wp-json\/wp\/v2\/users\/1\/"}],"replies":[{"embeddable":true,"href":"https:\/\/www.bgf.rs\/lt\/wp-json\/wp\/v2\/comments\/?post=2422"}],"version-history":[{"count":0,"href":"https:\/\/www.bgf.rs\/lt\/wp-json\/wp\/v2\/pages\/2422\/revisions\/"}],"up":[{"embeddable":true,"href":"https:\/\/www.bgf.rs\/lt\/wp-json\/wp\/v2\/pages\/1501\/"}],"wp:featuredmedia":[{"embeddable":true,"href":"https:\/\/www.bgf.rs\/lt\/wp-json\/wp\/v2\/media\/3881\/"}],"wp:attachment":[{"href":"https:\/\/www.bgf.rs\/lt\/wp-json\/wp\/v2\/media\/?parent=2422"}],"curies":[{"name":"wp","href":"https:\/\/api.w.org\/{rel}","templated":true}]}}