{"id":2393,"date":"2015-12-20T21:55:33","date_gmt":"2015-12-20T21:55:33","guid":{"rendered":"http:\/\/www.bgf.rs\/lt\/?page_id=2393"},"modified":"2016-02-25T12:09:55","modified_gmt":"2016-02-25T12:09:55","slug":"kljucni-ljudi","status":"publish","type":"page","link":"https:\/\/www.bgf.rs\/lt\/o-fondaciji\/kljucni-ljudi\/","title":{"rendered":"Klju\u010dni ljudi"},"content":{"rendered":"<p>Fondacijom Beogradske filharmonije rukovodi Upravni odbor, u sastavu:<br \/>\n&nbsp;<br \/>\n&nbsp;<br \/>\nIgor Jecl, predsednik<br \/>\n&nbsp;<br \/>\nMilan Pajevi\u0107, \u010dlan<br \/>\n&nbsp;<br \/>\nDobrivoje \u2013 Dan Tana Tanasijevi\u0107, \u010dlan<br \/>\n&nbsp;<br \/>\nJelisaveta Kara\u0111or\u0111evi\u0107, \u010dlan<br \/>\n&nbsp;<br \/>\nAleksandar Latkovi\u0107, \u010dlan<\/p>\n","protected":false},"excerpt":{"rendered":"<p>Fondacijom Beogradske filharmonije rukovodi Upravni odbor, u sastavu: &nbsp; &nbsp; Igor Jecl, predsednik &nbsp; Milan Pajevi\u0107, \u010dlan &nbsp; Dobrivoje \u2013 Dan Tana Tanasijevi\u0107, \u010dlan &nbsp; Jelisaveta Kara\u0111or\u0111evi\u0107, \u010dlan &nbsp; Aleksandar Latkovi\u0107, \u010dlan<\/p>\n","protected":false},"author":1,"featured_media":4966,"parent":1719,"menu_order":0,"comment_status":"closed","ping_status":"closed","template":"page-foundation-key-people.php","meta":{"_acf_changed":false,"footnotes":""},"class_list":["post-2393","page","type-page","status-publish","has-post-thumbnail","hentry"],"acf":[],"yoast_head":"<!-- This site is optimized with the Yoast SEO plugin v23.4 - https:\/\/yoast.com\/wordpress\/plugins\/seo\/ -->\n<title>Klju\u010dni ljudi | Beogradska filharmonija<\/title>\n<meta name=\"robots\" content=\"index, follow, max-snippet:-1, max-image-preview:large, max-video-preview:-1\" \/>\n<link rel=\"canonical\" href=\"https:\/\/www.bgf.rs\/o-fondaciji\/kljucni-ljudi\/\" \/>\n<meta property=\"og:locale\" content=\"sr_RS\" \/>\n<meta property=\"og:type\" content=\"article\" \/>\n<meta property=\"og:title\" content=\"Klju\u010dni ljudi | Beogradska filharmonija\" \/>\n<meta property=\"og:description\" content=\"Fondacijom Beogradske filharmonije rukovodi Upravni odbor, u sastavu: &nbsp; &nbsp; Igor Jecl, predsednik &nbsp; Milan Pajevi\u0107, \u010dlan &nbsp; Dobrivoje \u2013 Dan Tana Tanasijevi\u0107, \u010dlan &nbsp; Jelisaveta Kara\u0111or\u0111evi\u0107, \u010dlan &nbsp; Aleksandar Latkovi\u0107, \u010dlan\" \/>\n<meta property=\"og:url\" content=\"https:\/\/www.bgf.rs\/lt\/o-fondaciji\/kljucni-ljudi\/\" \/>\n<meta property=\"og:site_name\" content=\"Beogradska filharmonija\" \/>\n<meta property=\"article:modified_time\" content=\"2016-02-25T12:09:55+00:00\" \/>\n<meta property=\"og:image\" content=\"https:\/\/www.bgf.rs\/wp-content\/uploads\/2016\/02\/4.-Kljucni-ljudi..jpg\" \/>\n\t<meta property=\"og:image:width\" content=\"870\" \/>\n\t<meta property=\"og:image:height\" content=\"350\" \/>\n\t<meta property=\"og:image:type\" content=\"image\/jpeg\" \/>\n<meta name=\"twitter:card\" content=\"summary_large_image\" \/>\n<meta name=\"twitter:site\" content=\"@BGFilharmonija\" \/>\n<script type=\"application\/ld+json\" class=\"yoast-schema-graph\">{\"@context\":\"https:\/\/schema.org\",\"@graph\":[{\"@type\":\"WebPage\",\"@id\":\"https:\/\/www.bgf.rs\/lt\/o-fondaciji\/kljucni-ljudi\/\",\"url\":\"https:\/\/www.bgf.rs\/lt\/o-fondaciji\/kljucni-ljudi\/\",\"name\":\"Klju\u010dni ljudi | Beogradska filharmonija\",\"isPartOf\":{\"@id\":\"https:\/\/www.bgf.rs\/#website\"},\"primaryImageOfPage\":{\"@id\":\"https:\/\/www.bgf.rs\/lt\/o-fondaciji\/kljucni-ljudi\/#primaryimage\"},\"image\":{\"@id\":\"https:\/\/www.bgf.rs\/lt\/o-fondaciji\/kljucni-ljudi\/#primaryimage\"},\"thumbnailUrl\":\"https:\/\/www.bgf.rs\/wp-content\/uploads\/2016\/02\/4.-Kljucni-ljudi..jpg\",\"datePublished\":\"2015-12-20T21:55:33+00:00\",\"dateModified\":\"2016-02-25T12:09:55+00:00\",\"breadcrumb\":{\"@id\":\"https:\/\/www.bgf.rs\/lt\/o-fondaciji\/kljucni-ljudi\/#breadcrumb\"},\"inLanguage\":\"sr-RS\",\"potentialAction\":[{\"@type\":\"ReadAction\",\"target\":[\"https:\/\/www.bgf.rs\/lt\/o-fondaciji\/kljucni-ljudi\/\"]}]},{\"@type\":\"ImageObject\",\"inLanguage\":\"sr-RS\",\"@id\":\"https:\/\/www.bgf.rs\/lt\/o-fondaciji\/kljucni-ljudi\/#primaryimage\",\"url\":\"https:\/\/www.bgf.rs\/wp-content\/uploads\/2016\/02\/4.-Kljucni-ljudi..jpg\",\"contentUrl\":\"https:\/\/www.bgf.rs\/wp-content\/uploads\/2016\/02\/4.-Kljucni-ljudi..jpg\",\"width\":870,\"height\":350},{\"@type\":\"BreadcrumbList\",\"@id\":\"https:\/\/www.bgf.rs\/lt\/o-fondaciji\/kljucni-ljudi\/#breadcrumb\",\"itemListElement\":[{\"@type\":\"ListItem\",\"position\":1,\"name\":\"Home\",\"item\":\"https:\/\/www.bgf.rs\/\"},{\"@type\":\"ListItem\",\"position\":2,\"name\":\"O Fondaciji\",\"item\":\"https:\/\/www.bgf.rs\/lt\/o-fondaciji\/\"},{\"@type\":\"ListItem\",\"position\":3,\"name\":\"Klju\u010dni ljudi\"}]},{\"@type\":\"WebSite\",\"@id\":\"https:\/\/www.bgf.rs\/#website\",\"url\":\"https:\/\/www.bgf.rs\/\",\"name\":\"Beogradska filharmonija\",\"description\":\"Samo muzika - jer do\u017eivljaj nema cenu!\",\"potentialAction\":[{\"@type\":\"SearchAction\",\"target\":{\"@type\":\"EntryPoint\",\"urlTemplate\":\"https:\/\/www.bgf.rs\/?s={search_term_string}\"},\"query-input\":{\"@type\":\"PropertyValueSpecification\",\"valueRequired\":true,\"valueName\":\"search_term_string\"}}],\"inLanguage\":\"sr-RS\"}]}<\/script>\n<!-- \/ Yoast SEO plugin. -->","yoast_head_json":{"title":"Klju\u010dni ljudi | Beogradska filharmonija","robots":{"index":"index","follow":"follow","max-snippet":"max-snippet:-1","max-image-preview":"max-image-preview:large","max-video-preview":"max-video-preview:-1"},"canonical":"https:\/\/www.bgf.rs\/o-fondaciji\/kljucni-ljudi\/","og_locale":"sr_RS","og_type":"article","og_title":"Klju\u010dni ljudi | Beogradska filharmonija","og_description":"Fondacijom Beogradske filharmonije rukovodi Upravni odbor, u sastavu: &nbsp; &nbsp; Igor Jecl, predsednik &nbsp; Milan Pajevi\u0107, \u010dlan &nbsp; Dobrivoje \u2013 Dan Tana Tanasijevi\u0107, \u010dlan &nbsp; Jelisaveta Kara\u0111or\u0111evi\u0107, \u010dlan &nbsp; Aleksandar Latkovi\u0107, \u010dlan","og_url":"https:\/\/www.bgf.rs\/lt\/o-fondaciji\/kljucni-ljudi\/","og_site_name":"Beogradska filharmonija","article_modified_time":"2016-02-25T12:09:55+00:00","og_image":[{"width":870,"height":350,"url":"https:\/\/www.bgf.rs\/wp-content\/uploads\/2016\/02\/4.-Kljucni-ljudi..jpg","type":"image\/jpeg"}],"twitter_card":"summary_large_image","twitter_site":"@BGFilharmonija","schema":{"@context":"https:\/\/schema.org","@graph":[{"@type":"WebPage","@id":"https:\/\/www.bgf.rs\/lt\/o-fondaciji\/kljucni-ljudi\/","url":"https:\/\/www.bgf.rs\/lt\/o-fondaciji\/kljucni-ljudi\/","name":"Klju\u010dni ljudi | Beogradska filharmonija","isPartOf":{"@id":"https:\/\/www.bgf.rs\/#website"},"primaryImageOfPage":{"@id":"https:\/\/www.bgf.rs\/lt\/o-fondaciji\/kljucni-ljudi\/#primaryimage"},"image":{"@id":"https:\/\/www.bgf.rs\/lt\/o-fondaciji\/kljucni-ljudi\/#primaryimage"},"thumbnailUrl":"https:\/\/www.bgf.rs\/wp-content\/uploads\/2016\/02\/4.-Kljucni-ljudi..jpg","datePublished":"2015-12-20T21:55:33+00:00","dateModified":"2016-02-25T12:09:55+00:00","breadcrumb":{"@id":"https:\/\/www.bgf.rs\/lt\/o-fondaciji\/kljucni-ljudi\/#breadcrumb"},"inLanguage":"sr-RS","potentialAction":[{"@type":"ReadAction","target":["https:\/\/www.bgf.rs\/lt\/o-fondaciji\/kljucni-ljudi\/"]}]},{"@type":"ImageObject","inLanguage":"sr-RS","@id":"https:\/\/www.bgf.rs\/lt\/o-fondaciji\/kljucni-ljudi\/#primaryimage","url":"https:\/\/www.bgf.rs\/wp-content\/uploads\/2016\/02\/4.-Kljucni-ljudi..jpg","contentUrl":"https:\/\/www.bgf.rs\/wp-content\/uploads\/2016\/02\/4.-Kljucni-ljudi..jpg","width":870,"height":350},{"@type":"BreadcrumbList","@id":"https:\/\/www.bgf.rs\/lt\/o-fondaciji\/kljucni-ljudi\/#breadcrumb","itemListElement":[{"@type":"ListItem","position":1,"name":"Home","item":"https:\/\/www.bgf.rs\/"},{"@type":"ListItem","position":2,"name":"O Fondaciji","item":"https:\/\/www.bgf.rs\/lt\/o-fondaciji\/"},{"@type":"ListItem","position":3,"name":"Klju\u010dni ljudi"}]},{"@type":"WebSite","@id":"https:\/\/www.bgf.rs\/#website","url":"https:\/\/www.bgf.rs\/","name":"Beogradska filharmonija","description":"Samo muzika - jer do\u017eivljaj nema cenu!","potentialAction":[{"@type":"SearchAction","target":{"@type":"EntryPoint","urlTemplate":"https:\/\/www.bgf.rs\/?s={search_term_string}"},"query-input":{"@type":"PropertyValueSpecification","valueRequired":true,"valueName":"search_term_string"}}],"inLanguage":"sr-RS"}]}},"_links":{"self":[{"href":"https:\/\/www.bgf.rs\/lt\/wp-json\/wp\/v2\/pages\/2393\/"}],"collection":[{"href":"https:\/\/www.bgf.rs\/lt\/wp-json\/wp\/v2\/pages\/"}],"about":[{"href":"https:\/\/www.bgf.rs\/lt\/wp-json\/wp\/v2\/types\/page\/"}],"author":[{"embeddable":true,"href":"https:\/\/www.bgf.rs\/lt\/wp-json\/wp\/v2\/users\/1\/"}],"replies":[{"embeddable":true,"href":"https:\/\/www.bgf.rs\/lt\/wp-json\/wp\/v2\/comments\/?post=2393"}],"version-history":[{"count":0,"href":"https:\/\/www.bgf.rs\/lt\/wp-json\/wp\/v2\/pages\/2393\/revisions\/"}],"up":[{"embeddable":true,"href":"https:\/\/www.bgf.rs\/lt\/wp-json\/wp\/v2\/pages\/1719\/"}],"wp:featuredmedia":[{"embeddable":true,"href":"https:\/\/www.bgf.rs\/lt\/wp-json\/wp\/v2\/media\/4966\/"}],"wp:attachment":[{"href":"https:\/\/www.bgf.rs\/lt\/wp-json\/wp\/v2\/media\/?parent=2393"}],"curies":[{"name":"wp","href":"https:\/\/api.w.org\/{rel}","templated":true}]}}