{"id":2343,"date":"2015-12-14T17:09:12","date_gmt":"2015-12-14T16:09:12","guid":{"rendered":"http:\/\/www.bgf.rs\/lt\/?page_id=2343"},"modified":"2019-12-10T22:55:43","modified_gmt":"2019-12-10T21:55:43","slug":"organizacija-programa","status":"publish","type":"page","link":"https:\/\/www.bgf.rs\/lt\/nas-tim\/organizacija-programa\/","title":{"rendered":"Organizacija programa"},"content":{"rendered":"<p>Oni brinu da se kompleksan i zahtevan posao organizacije koncerata sprovede od po\u010detka do kraja \u2013 od programskog planiranja, preko organizacije dolaska umetnika i promocije do najsitnijih tehni\u010dkih detal\u0458a realizacije svakog koncerta.<\/p>\n<p>&nbsp;<\/p>\n<p>011 2623 184<br \/>\n011 2623 156<br \/>\n011 2623 396<\/p>\n<p>&nbsp;<\/p>\n<p><strong>Programska delatnost<\/strong><\/p>\n<p>&nbsp;<\/p>\n<p><a href=\"http:\/\/www.bgf.rs\/lt\/management_cp\/danica-maksimovic\/\">Danica Maksimovi\u0107<\/a>, urednik programa<\/p>\n<p><a href=\"http:\/\/www.bgf.rs\/lt\/management_cp\/asja-radonjic\/\">Asja Radonji\u0107<\/a>, urednik programa<\/p>\n<p>&nbsp;<\/p>\n<p><strong>Odnosi sa javno\u0161\u0107u<\/strong><\/p>\n<p>&nbsp;<\/p>\n<p><a href=\"http:\/\/www.bgf.rs\/lt\/management_cp\/jelena-milasinovic\/\">Jelena Mila\u0161inovi\u0107<\/a>, menad\u017eer za odnose sa javno\u0161\u0107u<\/p>\n<p>&nbsp;<\/p>\n<p><strong>Realizacija programa<\/strong><\/p>\n<p>&nbsp;<\/p>\n<p><a href=\"http:\/\/www.bgf.rs\/lt\/management_cp\/milos-scepanovic\/\">Milo\u0161 \u0160\u0107epanovi\u0107<\/a>, organizator<\/p>\n<p><a href=\"http:\/\/www.bgf.rs\/lt\/management_cp\/aleksandar-andrejic\/\">Aleksandar Andreji\u0107<\/a>, organizator<\/p>\n<p><a href=\"http:\/\/www.bgf.rs\/lt\/management_cp\/ivana-urosevic-blagojevic\/\">Ivana Uro\u0161evi\u0107 \u2013 Blagojevi\u0107<\/a>, nototekar<\/p>\n<p><a href=\"http:\/\/www.bgf.rs\/lt\/management_cp\/dejan-radosavljevic\/\">Dejan Radosavljevi\u0107<\/a>, sekretar orkestra<\/p>\n<p><a href=\"http:\/\/www.bgf.rs\/lt\/management_cp\/marko-jankovic\/\">Marko Jankovi\u0107<\/a>, binski majstor<\/p>\n<p><a href=\"http:\/\/www.bgf.rs\/lt\/management_cp\/milomir-mitrovic\/\">Milomir Mitrovi\u0107<\/a>, binski majstor<\/p>\n<p>&nbsp;<\/p>\n","protected":false},"excerpt":{"rendered":"<p>Oni brinu da se kompleksan i zahtevan posao organizacije koncerata sprovede od po\u010detka do kraja \u2013 od programskog planiranja, preko organizacije dolaska umetnika i promocije do najsitnijih tehni\u010dkih detal\u0458a realizacije svakog koncerta. &nbsp; 011 2623 184 011 2623 156 011 2623 396 &nbsp; Programska delatnost &nbsp; Danica Maksimovi\u0107, urednik programa Asja Radonji\u0107, urednik programa &nbsp; [&hellip;]<\/p>\n","protected":false},"author":1,"featured_media":0,"parent":1497,"menu_order":0,"comment_status":"closed","ping_status":"closed","template":"","meta":{"_acf_changed":false,"footnotes":""},"class_list":["post-2343","page","type-page","status-publish","hentry"],"acf":[],"yoast_head":"<!-- This site is optimized with the Yoast SEO plugin v23.4 - https:\/\/yoast.com\/wordpress\/plugins\/seo\/ -->\n<title>Organizacija programa | Beogradska filharmonija<\/title>\n<meta name=\"robots\" content=\"index, follow, max-snippet:-1, max-image-preview:large, max-video-preview:-1\" \/>\n<link rel=\"canonical\" href=\"https:\/\/www.bgf.rs\/nas-tim\/organizacija-programa\/\" \/>\n<meta property=\"og:locale\" content=\"sr_RS\" \/>\n<meta property=\"og:type\" content=\"article\" \/>\n<meta property=\"og:title\" content=\"Organizacija programa | Beogradska filharmonija\" \/>\n<meta property=\"og:description\" content=\"Oni brinu da se kompleksan i zahtevan posao organizacije koncerata sprovede od po\u010detka do kraja \u2013 od programskog planiranja, preko organizacije dolaska umetnika i promocije do najsitnijih tehni\u010dkih detal\u0458a realizacije svakog koncerta. &nbsp; 011 2623 184 011 2623 156 011 2623 396 &nbsp; Programska delatnost &nbsp; Danica Maksimovi\u0107, urednik programa Asja Radonji\u0107, urednik programa &nbsp; [&hellip;]\" \/>\n<meta property=\"og:url\" content=\"https:\/\/www.bgf.rs\/lt\/nas-tim\/organizacija-programa\/\" \/>\n<meta property=\"og:site_name\" content=\"Beogradska filharmonija\" \/>\n<meta property=\"article:modified_time\" content=\"2019-12-10T21:55:43+00:00\" \/>\n<meta name=\"twitter:card\" content=\"summary_large_image\" \/>\n<meta name=\"twitter:site\" content=\"@BGFilharmonija\" \/>\n<script type=\"application\/ld+json\" class=\"yoast-schema-graph\">{\"@context\":\"https:\/\/schema.org\",\"@graph\":[{\"@type\":\"WebPage\",\"@id\":\"https:\/\/www.bgf.rs\/lt\/nas-tim\/organizacija-programa\/\",\"url\":\"https:\/\/www.bgf.rs\/lt\/nas-tim\/organizacija-programa\/\",\"name\":\"Organizacija programa | Beogradska filharmonija\",\"isPartOf\":{\"@id\":\"https:\/\/www.bgf.rs\/#website\"},\"datePublished\":\"2015-12-14T16:09:12+00:00\",\"dateModified\":\"2019-12-10T21:55:43+00:00\",\"breadcrumb\":{\"@id\":\"https:\/\/www.bgf.rs\/lt\/nas-tim\/organizacija-programa\/#breadcrumb\"},\"inLanguage\":\"sr-RS\",\"potentialAction\":[{\"@type\":\"ReadAction\",\"target\":[\"https:\/\/www.bgf.rs\/lt\/nas-tim\/organizacija-programa\/\"]}]},{\"@type\":\"BreadcrumbList\",\"@id\":\"https:\/\/www.bgf.rs\/lt\/nas-tim\/organizacija-programa\/#breadcrumb\",\"itemListElement\":[{\"@type\":\"ListItem\",\"position\":1,\"name\":\"Home\",\"item\":\"https:\/\/www.bgf.rs\/\"},{\"@type\":\"ListItem\",\"position\":2,\"name\":\"Na\u0161 tim\",\"item\":\"https:\/\/www.bgf.rs\/lt\/nas-tim\/\"},{\"@type\":\"ListItem\",\"position\":3,\"name\":\"Organizacija programa\"}]},{\"@type\":\"WebSite\",\"@id\":\"https:\/\/www.bgf.rs\/#website\",\"url\":\"https:\/\/www.bgf.rs\/\",\"name\":\"Beogradska filharmonija\",\"description\":\"Samo muzika - jer do\u017eivljaj nema cenu!\",\"potentialAction\":[{\"@type\":\"SearchAction\",\"target\":{\"@type\":\"EntryPoint\",\"urlTemplate\":\"https:\/\/www.bgf.rs\/?s={search_term_string}\"},\"query-input\":{\"@type\":\"PropertyValueSpecification\",\"valueRequired\":true,\"valueName\":\"search_term_string\"}}],\"inLanguage\":\"sr-RS\"}]}<\/script>\n<!-- \/ Yoast SEO plugin. -->","yoast_head_json":{"title":"Organizacija programa | Beogradska filharmonija","robots":{"index":"index","follow":"follow","max-snippet":"max-snippet:-1","max-image-preview":"max-image-preview:large","max-video-preview":"max-video-preview:-1"},"canonical":"https:\/\/www.bgf.rs\/nas-tim\/organizacija-programa\/","og_locale":"sr_RS","og_type":"article","og_title":"Organizacija programa | Beogradska filharmonija","og_description":"Oni brinu da se kompleksan i zahtevan posao organizacije koncerata sprovede od po\u010detka do kraja \u2013 od programskog planiranja, preko organizacije dolaska umetnika i promocije do najsitnijih tehni\u010dkih detal\u0458a realizacije svakog koncerta. &nbsp; 011 2623 184 011 2623 156 011 2623 396 &nbsp; Programska delatnost &nbsp; Danica Maksimovi\u0107, urednik programa Asja Radonji\u0107, urednik programa &nbsp; [&hellip;]","og_url":"https:\/\/www.bgf.rs\/lt\/nas-tim\/organizacija-programa\/","og_site_name":"Beogradska filharmonija","article_modified_time":"2019-12-10T21:55:43+00:00","twitter_card":"summary_large_image","twitter_site":"@BGFilharmonija","schema":{"@context":"https:\/\/schema.org","@graph":[{"@type":"WebPage","@id":"https:\/\/www.bgf.rs\/lt\/nas-tim\/organizacija-programa\/","url":"https:\/\/www.bgf.rs\/lt\/nas-tim\/organizacija-programa\/","name":"Organizacija programa | Beogradska filharmonija","isPartOf":{"@id":"https:\/\/www.bgf.rs\/#website"},"datePublished":"2015-12-14T16:09:12+00:00","dateModified":"2019-12-10T21:55:43+00:00","breadcrumb":{"@id":"https:\/\/www.bgf.rs\/lt\/nas-tim\/organizacija-programa\/#breadcrumb"},"inLanguage":"sr-RS","potentialAction":[{"@type":"ReadAction","target":["https:\/\/www.bgf.rs\/lt\/nas-tim\/organizacija-programa\/"]}]},{"@type":"BreadcrumbList","@id":"https:\/\/www.bgf.rs\/lt\/nas-tim\/organizacija-programa\/#breadcrumb","itemListElement":[{"@type":"ListItem","position":1,"name":"Home","item":"https:\/\/www.bgf.rs\/"},{"@type":"ListItem","position":2,"name":"Na\u0161 tim","item":"https:\/\/www.bgf.rs\/lt\/nas-tim\/"},{"@type":"ListItem","position":3,"name":"Organizacija programa"}]},{"@type":"WebSite","@id":"https:\/\/www.bgf.rs\/#website","url":"https:\/\/www.bgf.rs\/","name":"Beogradska filharmonija","description":"Samo muzika - jer do\u017eivljaj nema cenu!","potentialAction":[{"@type":"SearchAction","target":{"@type":"EntryPoint","urlTemplate":"https:\/\/www.bgf.rs\/?s={search_term_string}"},"query-input":{"@type":"PropertyValueSpecification","valueRequired":true,"valueName":"search_term_string"}}],"inLanguage":"sr-RS"}]}},"_links":{"self":[{"href":"https:\/\/www.bgf.rs\/lt\/wp-json\/wp\/v2\/pages\/2343\/"}],"collection":[{"href":"https:\/\/www.bgf.rs\/lt\/wp-json\/wp\/v2\/pages\/"}],"about":[{"href":"https:\/\/www.bgf.rs\/lt\/wp-json\/wp\/v2\/types\/page\/"}],"author":[{"embeddable":true,"href":"https:\/\/www.bgf.rs\/lt\/wp-json\/wp\/v2\/users\/1\/"}],"replies":[{"embeddable":true,"href":"https:\/\/www.bgf.rs\/lt\/wp-json\/wp\/v2\/comments\/?post=2343"}],"version-history":[{"count":0,"href":"https:\/\/www.bgf.rs\/lt\/wp-json\/wp\/v2\/pages\/2343\/revisions\/"}],"up":[{"embeddable":true,"href":"https:\/\/www.bgf.rs\/lt\/wp-json\/wp\/v2\/pages\/1497\/"}],"wp:attachment":[{"href":"https:\/\/www.bgf.rs\/lt\/wp-json\/wp\/v2\/media\/?parent=2343"}],"curies":[{"name":"wp","href":"https:\/\/api.w.org\/{rel}","templated":true}]}}