{"id":2313,"date":"2015-12-14T17:38:34","date_gmt":"2015-12-14T16:38:34","guid":{"rendered":"http:\/\/www.bgf.rs\/lt\/?page_id=2313"},"modified":"2025-09-09T09:33:48","modified_gmt":"2025-09-09T08:33:48","slug":"otvorene-probe","status":"publish","type":"page","link":"https:\/\/www.bgf.rs\/lt\/edukacija\/otvorene-probe\/","title":{"rendered":"Otvorene probe"},"content":{"rendered":"<p>Otvorene probe su jedan od najzapa\u017eenijih projekata institucije u javnosti. Ovaj vid interaktivnog pristupa edukaciji namenjen je deci pred\u0161kolskog i mla\u0111eg \u0161kolskog uzrasta. Glavni nosioci su muzi\u010dari Beogradske filharmonije, koji na na\u010din prilago\u0111en uzrastu, uvode mali\u0161ane u svet klasi\u010dne muzike.<\/p>\n<p>Radionice podrazumevaju prezentaciju i razgovor o instrumentima kao i prisustvovanje po\u010detku redovne probe orkestra, gde se u toku petnaest minuta boravka deca upoznaju sa punim simfonijskim zvukom.<\/p>\n<p>Prezentacija je prilago\u0111ena uzrastu dece, tako da se najmla\u0111ima pristupa prvenstveno kroz igru, dok se za \u0161kolsku decu priprema pri\u010da sa vi\u0161e edukativnih elemenata.<\/p>\n<p>Termini u sezoni 2025\/26:<\/p>\n<p><strong>12.11.2025.<\/strong><\/p>\n<p><strong>26.11.2025.<\/strong><\/p>\n<p><strong>21.01.2026.<\/strong><\/p>\n<p><strong>11.02.2026.<\/strong><\/p>\n<p><strong>22.04.2026.<\/strong><\/p>\n<p><strong>06.05.2026. <\/strong><\/p>\n<p>Program po\u010dinje u 9:30 \u010dasova, a zavr\u0161ava se u 10.15. Prijave za grupe od maksimum 30 dece primamo putem imejla <u><a href=\"mailto:filhademija@bgf.co.rs\">filhademija@bgf.co.rs<\/a><\/u>.<\/p>\n","protected":false},"excerpt":{"rendered":"<p>Otvorene probe su jedan od najzapa\u017eenijih projekata institucije u javnosti. Ovaj vid interaktivnog pristupa edukaciji namenjen je deci pred\u0161kolskog i mla\u0111eg \u0161kolskog uzrasta. Glavni nosioci su muzi\u010dari Beogradske filharmonije, koji na na\u010din prilago\u0111en uzrastu, uvode mali\u0161ane u svet klasi\u010dne muzike. Radionice podrazumevaju prezentaciju i razgovor o instrumentima kao i prisustvovanje po\u010detku redovne probe orkestra, gde [&hellip;]<\/p>\n","protected":false},"author":1,"featured_media":4056,"parent":1493,"menu_order":0,"comment_status":"closed","ping_status":"closed","template":"","meta":{"_acf_changed":false,"footnotes":""},"class_list":["post-2313","page","type-page","status-publish","has-post-thumbnail","hentry"],"acf":[],"yoast_head":"<!-- This site is optimized with the Yoast SEO plugin v23.4 - https:\/\/yoast.com\/wordpress\/plugins\/seo\/ -->\n<title>Otvorene probe | Beogradska filharmonija<\/title>\n<meta name=\"description\" content=\"Otvorene probe su jedan od najzapa\u017eenijih projekata institucije u javnosti, a namenjene su deci pred\u0161kolskog i mla\u0111eg \u0161kolskog uzrasta.\" \/>\n<meta name=\"robots\" content=\"index, follow, max-snippet:-1, max-image-preview:large, max-video-preview:-1\" \/>\n<link rel=\"canonical\" href=\"https:\/\/www.bgf.rs\/edukacija\/otvorene-probe\/\" \/>\n<meta property=\"og:locale\" content=\"sr_RS\" \/>\n<meta property=\"og:type\" content=\"article\" \/>\n<meta property=\"og:title\" content=\"Otvorene probe | Beogradska filharmonija\" \/>\n<meta property=\"og:description\" content=\"Otvorene probe su jedan od najzapa\u017eenijih projekata institucije u javnosti, a namenjene su deci pred\u0161kolskog i mla\u0111eg \u0161kolskog uzrasta.\" \/>\n<meta property=\"og:url\" content=\"https:\/\/www.bgf.rs\/lt\/edukacija\/otvorene-probe\/\" \/>\n<meta property=\"og:site_name\" content=\"Beogradska filharmonija\" \/>\n<meta property=\"article:modified_time\" content=\"2025-09-09T08:33:48+00:00\" \/>\n<meta property=\"og:image\" content=\"http:\/\/www.bgf.rs\/wp-content\/uploads\/2015\/12\/3.-Otvorene-probe.jpg\" \/>\n\t<meta property=\"og:image:width\" content=\"870\" \/>\n\t<meta property=\"og:image:height\" content=\"350\" \/>\n\t<meta property=\"og:image:type\" content=\"image\/jpeg\" \/>\n<meta name=\"twitter:card\" content=\"summary_large_image\" \/>\n<meta name=\"twitter:site\" content=\"@BGFilharmonija\" \/>\n<meta name=\"twitter:label1\" content=\"\u041f\u0440\u043e\u0446\u0435\u045a\u0435\u043d\u043e \u0432\u0440\u0435\u043c\u0435 \u0447\u0438\u0442\u0430\u045a\u0430\" \/>\n\t<meta name=\"twitter:data1\" content=\"1 \u043c\u0438\u043d\u0443\u0442\" \/>\n<script type=\"application\/ld+json\" class=\"yoast-schema-graph\">{\"@context\":\"https:\/\/schema.org\",\"@graph\":[{\"@type\":\"WebPage\",\"@id\":\"https:\/\/www.bgf.rs\/lt\/edukacija\/otvorene-probe\/\",\"url\":\"https:\/\/www.bgf.rs\/lt\/edukacija\/otvorene-probe\/\",\"name\":\"Otvorene probe | Beogradska filharmonija\",\"isPartOf\":{\"@id\":\"https:\/\/www.bgf.rs\/#website\"},\"primaryImageOfPage\":{\"@id\":\"https:\/\/www.bgf.rs\/lt\/edukacija\/otvorene-probe\/#primaryimage\"},\"image\":{\"@id\":\"https:\/\/www.bgf.rs\/lt\/edukacija\/otvorene-probe\/#primaryimage\"},\"thumbnailUrl\":\"https:\/\/www.bgf.rs\/wp-content\/uploads\/2015\/12\/3.-Otvorene-probe.jpg\",\"datePublished\":\"2015-12-14T16:38:34+00:00\",\"dateModified\":\"2025-09-09T08:33:48+00:00\",\"description\":\"Otvorene probe su jedan od najzapa\u017eenijih projekata institucije u javnosti, a namenjene su deci pred\u0161kolskog i mla\u0111eg \u0161kolskog uzrasta.\",\"breadcrumb\":{\"@id\":\"https:\/\/www.bgf.rs\/lt\/edukacija\/otvorene-probe\/#breadcrumb\"},\"inLanguage\":\"sr-RS\",\"potentialAction\":[{\"@type\":\"ReadAction\",\"target\":[\"https:\/\/www.bgf.rs\/lt\/edukacija\/otvorene-probe\/\"]}]},{\"@type\":\"ImageObject\",\"inLanguage\":\"sr-RS\",\"@id\":\"https:\/\/www.bgf.rs\/lt\/edukacija\/otvorene-probe\/#primaryimage\",\"url\":\"https:\/\/www.bgf.rs\/wp-content\/uploads\/2015\/12\/3.-Otvorene-probe.jpg\",\"contentUrl\":\"https:\/\/www.bgf.rs\/wp-content\/uploads\/2015\/12\/3.-Otvorene-probe.jpg\",\"width\":870,\"height\":350},{\"@type\":\"BreadcrumbList\",\"@id\":\"https:\/\/www.bgf.rs\/lt\/edukacija\/otvorene-probe\/#breadcrumb\",\"itemListElement\":[{\"@type\":\"ListItem\",\"position\":1,\"name\":\"Home\",\"item\":\"https:\/\/www.bgf.rs\/\"},{\"@type\":\"ListItem\",\"position\":2,\"name\":\"Edukacija\",\"item\":\"https:\/\/www.bgf.rs\/lt\/edukacija\/\"},{\"@type\":\"ListItem\",\"position\":3,\"name\":\"Otvorene probe\"}]},{\"@type\":\"WebSite\",\"@id\":\"https:\/\/www.bgf.rs\/#website\",\"url\":\"https:\/\/www.bgf.rs\/\",\"name\":\"Beogradska filharmonija\",\"description\":\"Samo muzika - jer do\u017eivljaj nema cenu!\",\"potentialAction\":[{\"@type\":\"SearchAction\",\"target\":{\"@type\":\"EntryPoint\",\"urlTemplate\":\"https:\/\/www.bgf.rs\/?s={search_term_string}\"},\"query-input\":{\"@type\":\"PropertyValueSpecification\",\"valueRequired\":true,\"valueName\":\"search_term_string\"}}],\"inLanguage\":\"sr-RS\"}]}<\/script>\n<!-- \/ Yoast SEO plugin. -->","yoast_head_json":{"title":"Otvorene probe | Beogradska filharmonija","description":"Otvorene probe su jedan od najzapa\u017eenijih projekata institucije u javnosti, a namenjene su deci pred\u0161kolskog i mla\u0111eg \u0161kolskog uzrasta.","robots":{"index":"index","follow":"follow","max-snippet":"max-snippet:-1","max-image-preview":"max-image-preview:large","max-video-preview":"max-video-preview:-1"},"canonical":"https:\/\/www.bgf.rs\/edukacija\/otvorene-probe\/","og_locale":"sr_RS","og_type":"article","og_title":"Otvorene probe | Beogradska filharmonija","og_description":"Otvorene probe su jedan od najzapa\u017eenijih projekata institucije u javnosti, a namenjene su deci pred\u0161kolskog i mla\u0111eg \u0161kolskog uzrasta.","og_url":"https:\/\/www.bgf.rs\/lt\/edukacija\/otvorene-probe\/","og_site_name":"Beogradska filharmonija","article_modified_time":"2025-09-09T08:33:48+00:00","og_image":[{"width":870,"height":350,"url":"http:\/\/www.bgf.rs\/wp-content\/uploads\/2015\/12\/3.-Otvorene-probe.jpg","type":"image\/jpeg"}],"twitter_card":"summary_large_image","twitter_site":"@BGFilharmonija","twitter_misc":{"\u041f\u0440\u043e\u0446\u0435\u045a\u0435\u043d\u043e \u0432\u0440\u0435\u043c\u0435 \u0447\u0438\u0442\u0430\u045a\u0430":"1 \u043c\u0438\u043d\u0443\u0442"},"schema":{"@context":"https:\/\/schema.org","@graph":[{"@type":"WebPage","@id":"https:\/\/www.bgf.rs\/lt\/edukacija\/otvorene-probe\/","url":"https:\/\/www.bgf.rs\/lt\/edukacija\/otvorene-probe\/","name":"Otvorene probe | Beogradska filharmonija","isPartOf":{"@id":"https:\/\/www.bgf.rs\/#website"},"primaryImageOfPage":{"@id":"https:\/\/www.bgf.rs\/lt\/edukacija\/otvorene-probe\/#primaryimage"},"image":{"@id":"https:\/\/www.bgf.rs\/lt\/edukacija\/otvorene-probe\/#primaryimage"},"thumbnailUrl":"https:\/\/www.bgf.rs\/wp-content\/uploads\/2015\/12\/3.-Otvorene-probe.jpg","datePublished":"2015-12-14T16:38:34+00:00","dateModified":"2025-09-09T08:33:48+00:00","description":"Otvorene probe su jedan od najzapa\u017eenijih projekata institucije u javnosti, a namenjene su deci pred\u0161kolskog i mla\u0111eg \u0161kolskog uzrasta.","breadcrumb":{"@id":"https:\/\/www.bgf.rs\/lt\/edukacija\/otvorene-probe\/#breadcrumb"},"inLanguage":"sr-RS","potentialAction":[{"@type":"ReadAction","target":["https:\/\/www.bgf.rs\/lt\/edukacija\/otvorene-probe\/"]}]},{"@type":"ImageObject","inLanguage":"sr-RS","@id":"https:\/\/www.bgf.rs\/lt\/edukacija\/otvorene-probe\/#primaryimage","url":"https:\/\/www.bgf.rs\/wp-content\/uploads\/2015\/12\/3.-Otvorene-probe.jpg","contentUrl":"https:\/\/www.bgf.rs\/wp-content\/uploads\/2015\/12\/3.-Otvorene-probe.jpg","width":870,"height":350},{"@type":"BreadcrumbList","@id":"https:\/\/www.bgf.rs\/lt\/edukacija\/otvorene-probe\/#breadcrumb","itemListElement":[{"@type":"ListItem","position":1,"name":"Home","item":"https:\/\/www.bgf.rs\/"},{"@type":"ListItem","position":2,"name":"Edukacija","item":"https:\/\/www.bgf.rs\/lt\/edukacija\/"},{"@type":"ListItem","position":3,"name":"Otvorene probe"}]},{"@type":"WebSite","@id":"https:\/\/www.bgf.rs\/#website","url":"https:\/\/www.bgf.rs\/","name":"Beogradska filharmonija","description":"Samo muzika - jer do\u017eivljaj nema cenu!","potentialAction":[{"@type":"SearchAction","target":{"@type":"EntryPoint","urlTemplate":"https:\/\/www.bgf.rs\/?s={search_term_string}"},"query-input":{"@type":"PropertyValueSpecification","valueRequired":true,"valueName":"search_term_string"}}],"inLanguage":"sr-RS"}]}},"_links":{"self":[{"href":"https:\/\/www.bgf.rs\/lt\/wp-json\/wp\/v2\/pages\/2313\/"}],"collection":[{"href":"https:\/\/www.bgf.rs\/lt\/wp-json\/wp\/v2\/pages\/"}],"about":[{"href":"https:\/\/www.bgf.rs\/lt\/wp-json\/wp\/v2\/types\/page\/"}],"author":[{"embeddable":true,"href":"https:\/\/www.bgf.rs\/lt\/wp-json\/wp\/v2\/users\/1\/"}],"replies":[{"embeddable":true,"href":"https:\/\/www.bgf.rs\/lt\/wp-json\/wp\/v2\/comments\/?post=2313"}],"version-history":[{"count":0,"href":"https:\/\/www.bgf.rs\/lt\/wp-json\/wp\/v2\/pages\/2313\/revisions\/"}],"up":[{"embeddable":true,"href":"https:\/\/www.bgf.rs\/lt\/wp-json\/wp\/v2\/pages\/1493\/"}],"wp:featuredmedia":[{"embeddable":true,"href":"https:\/\/www.bgf.rs\/lt\/wp-json\/wp\/v2\/media\/4056\/"}],"wp:attachment":[{"href":"https:\/\/www.bgf.rs\/lt\/wp-json\/wp\/v2\/media\/?parent=2313"}],"curies":[{"name":"wp","href":"https:\/\/api.w.org\/{rel}","templated":true}]}}