{"id":1843,"date":"2016-02-04T23:17:14","date_gmt":"2016-02-04T23:17:14","guid":{"rendered":"http:\/\/www.bgf.rs\/lt\/?page_id=1843"},"modified":"2016-10-25T13:04:14","modified_gmt":"2016-10-25T13:04:14","slug":"sa-filharmonijom-na-ti","status":"publish","type":"page","link":"https:\/\/www.bgf.rs\/lt\/edukacija\/sa-filharmonijom-na-ti\/","title":{"rendered":"Sa Filharmonijom na Ti"},"content":{"rendered":"<p>Ovi programi namenjeni su deci \u0161kolskog uzrasta, kao i studentima. Posete Filharmoniji, u zavisnosti od uzrasta, ukl\u0458u\u010duju prezentaciju o samoj instituciji, upoznavanje muzi\u010dara i simfonijskog orkestra, obilazak zgrade, upoznavanje sa kapacitetima i planovima ustanove i prisustvovanje probama orkestra.<\/p>\n<p>U saradnji sa muzi\u010dkim \u0161kolama organizujemo stru\u010dne posete probama, a za odabrane u\u010denike postoji mogu\u0107nost prisustvovanja koncertima.<\/p>\n<p>Za organizovane posete studenata menad\u017ementa pripremamo cil\u0458ane stru\u010dne prezentacije, u saradnji sa predmetnim profesorima. Tako\u0111e pru\u017eamo podr\u0161ku u izradi nau\u010dnih radova iz oblasti menad\u017ementa u kulturi.<\/p>\n<p>U prethodnim sezonama, ugostili smo grupe u\u010denika Matemati\u010dke gimnazije iz Beograda, gimnazijalce iz \u0160apca, Lebana, Gornjeg Milanovca, Kragujevca, u\u010denike muzi\u010dkih \u0161kola <em>Vojislav Vu\u010dkovi\u0107<\/em> i <em>Kosta Manojlovi\u0107<\/em> iz Beograda, <em>Isidor Baji\u0107<\/em> iz Novog Sada, studente Fakulteta organizacionih nauka, Fakulteta dramskih umetnosti, Megatrend univerziteta, Fakulteta za medije i komunikacije i druge.<\/p>\n<p>Ukoliko ste zainteresovani za ovaj program, prijavite se putem imejla <a href=\"mailto:pr@bgf.co.rs\">pr@bgf.co.rs<\/a>.<\/p>\n","protected":false},"excerpt":{"rendered":"<p>Ovi programi namenjeni su deci \u0161kolskog uzrasta, kao i studentima. Posete Filharmoniji, u zavisnosti od uzrasta, ukl\u0458u\u010duju prezentaciju o samoj instituciji, upoznavanje muzi\u010dara i simfonijskog orkestra, obilazak zgrade, upoznavanje sa kapacitetima i planovima ustanove i prisustvovanje probama orkestra. U saradnji sa muzi\u010dkim \u0161kolama organizujemo stru\u010dne posete probama, a za odabrane u\u010denike postoji mogu\u0107nost prisustvovanja koncertima. [&hellip;]<\/p>\n","protected":false},"author":1,"featured_media":4060,"parent":1493,"menu_order":0,"comment_status":"closed","ping_status":"closed","template":"","meta":{"_acf_changed":false,"footnotes":""},"class_list":["post-1843","page","type-page","status-publish","has-post-thumbnail","hentry"],"acf":[],"yoast_head":"<!-- This site is optimized with the Yoast SEO plugin v23.4 - https:\/\/yoast.com\/wordpress\/plugins\/seo\/ -->\n<title>Sa Filharmonijom na Ti | Beogradska filharmonija<\/title>\n<meta name=\"robots\" content=\"index, follow, max-snippet:-1, max-image-preview:large, max-video-preview:-1\" \/>\n<link rel=\"canonical\" href=\"https:\/\/www.bgf.rs\/edukacija\/sa-filharmonijom-na-ti\/\" \/>\n<meta property=\"og:locale\" content=\"sr_RS\" \/>\n<meta property=\"og:type\" content=\"article\" \/>\n<meta property=\"og:title\" content=\"Sa Filharmonijom na Ti | Beogradska filharmonija\" \/>\n<meta property=\"og:description\" content=\"Ovi programi namenjeni su deci \u0161kolskog uzrasta, kao i studentima. Posete Filharmoniji, u zavisnosti od uzrasta, ukl\u0458u\u010duju prezentaciju o samoj instituciji, upoznavanje muzi\u010dara i simfonijskog orkestra, obilazak zgrade, upoznavanje sa kapacitetima i planovima ustanove i prisustvovanje probama orkestra. U saradnji sa muzi\u010dkim \u0161kolama organizujemo stru\u010dne posete probama, a za odabrane u\u010denike postoji mogu\u0107nost prisustvovanja koncertima. [&hellip;]\" \/>\n<meta property=\"og:url\" content=\"https:\/\/www.bgf.rs\/lt\/edukacija\/sa-filharmonijom-na-ti\/\" \/>\n<meta property=\"og:site_name\" content=\"Beogradska filharmonija\" \/>\n<meta property=\"article:modified_time\" content=\"2016-10-25T13:04:14+00:00\" \/>\n<meta property=\"og:image\" content=\"https:\/\/www.bgf.rs\/wp-content\/uploads\/2016\/02\/4.-Sa-Filharmonijom-na-Ti.jpg\" \/>\n\t<meta property=\"og:image:width\" content=\"870\" \/>\n\t<meta property=\"og:image:height\" content=\"350\" \/>\n\t<meta property=\"og:image:type\" content=\"image\/jpeg\" \/>\n<meta name=\"twitter:card\" content=\"summary_large_image\" \/>\n<meta name=\"twitter:site\" content=\"@BGFilharmonija\" \/>\n<meta name=\"twitter:label1\" content=\"\u041f\u0440\u043e\u0446\u0435\u045a\u0435\u043d\u043e \u0432\u0440\u0435\u043c\u0435 \u0447\u0438\u0442\u0430\u045a\u0430\" \/>\n\t<meta name=\"twitter:data1\" content=\"1 \u043c\u0438\u043d\u0443\u0442\" \/>\n<script type=\"application\/ld+json\" class=\"yoast-schema-graph\">{\"@context\":\"https:\/\/schema.org\",\"@graph\":[{\"@type\":\"WebPage\",\"@id\":\"https:\/\/www.bgf.rs\/lt\/edukacija\/sa-filharmonijom-na-ti\/\",\"url\":\"https:\/\/www.bgf.rs\/lt\/edukacija\/sa-filharmonijom-na-ti\/\",\"name\":\"Sa Filharmonijom na Ti | Beogradska filharmonija\",\"isPartOf\":{\"@id\":\"https:\/\/www.bgf.rs\/#website\"},\"primaryImageOfPage\":{\"@id\":\"https:\/\/www.bgf.rs\/lt\/edukacija\/sa-filharmonijom-na-ti\/#primaryimage\"},\"image\":{\"@id\":\"https:\/\/www.bgf.rs\/lt\/edukacija\/sa-filharmonijom-na-ti\/#primaryimage\"},\"thumbnailUrl\":\"https:\/\/www.bgf.rs\/wp-content\/uploads\/2016\/02\/4.-Sa-Filharmonijom-na-Ti.jpg\",\"datePublished\":\"2016-02-04T23:17:14+00:00\",\"dateModified\":\"2016-10-25T13:04:14+00:00\",\"breadcrumb\":{\"@id\":\"https:\/\/www.bgf.rs\/lt\/edukacija\/sa-filharmonijom-na-ti\/#breadcrumb\"},\"inLanguage\":\"sr-RS\",\"potentialAction\":[{\"@type\":\"ReadAction\",\"target\":[\"https:\/\/www.bgf.rs\/lt\/edukacija\/sa-filharmonijom-na-ti\/\"]}]},{\"@type\":\"ImageObject\",\"inLanguage\":\"sr-RS\",\"@id\":\"https:\/\/www.bgf.rs\/lt\/edukacija\/sa-filharmonijom-na-ti\/#primaryimage\",\"url\":\"https:\/\/www.bgf.rs\/wp-content\/uploads\/2016\/02\/4.-Sa-Filharmonijom-na-Ti.jpg\",\"contentUrl\":\"https:\/\/www.bgf.rs\/wp-content\/uploads\/2016\/02\/4.-Sa-Filharmonijom-na-Ti.jpg\",\"width\":870,\"height\":350},{\"@type\":\"BreadcrumbList\",\"@id\":\"https:\/\/www.bgf.rs\/lt\/edukacija\/sa-filharmonijom-na-ti\/#breadcrumb\",\"itemListElement\":[{\"@type\":\"ListItem\",\"position\":1,\"name\":\"Home\",\"item\":\"https:\/\/www.bgf.rs\/\"},{\"@type\":\"ListItem\",\"position\":2,\"name\":\"Edukacija\",\"item\":\"https:\/\/www.bgf.rs\/lt\/edukacija\/\"},{\"@type\":\"ListItem\",\"position\":3,\"name\":\"Sa Filharmonijom na Ti\"}]},{\"@type\":\"WebSite\",\"@id\":\"https:\/\/www.bgf.rs\/#website\",\"url\":\"https:\/\/www.bgf.rs\/\",\"name\":\"Beogradska filharmonija\",\"description\":\"Samo muzika - jer do\u017eivljaj nema cenu!\",\"potentialAction\":[{\"@type\":\"SearchAction\",\"target\":{\"@type\":\"EntryPoint\",\"urlTemplate\":\"https:\/\/www.bgf.rs\/?s={search_term_string}\"},\"query-input\":{\"@type\":\"PropertyValueSpecification\",\"valueRequired\":true,\"valueName\":\"search_term_string\"}}],\"inLanguage\":\"sr-RS\"}]}<\/script>\n<!-- \/ Yoast SEO plugin. -->","yoast_head_json":{"title":"Sa Filharmonijom na Ti | Beogradska filharmonija","robots":{"index":"index","follow":"follow","max-snippet":"max-snippet:-1","max-image-preview":"max-image-preview:large","max-video-preview":"max-video-preview:-1"},"canonical":"https:\/\/www.bgf.rs\/edukacija\/sa-filharmonijom-na-ti\/","og_locale":"sr_RS","og_type":"article","og_title":"Sa Filharmonijom na Ti | Beogradska filharmonija","og_description":"Ovi programi namenjeni su deci \u0161kolskog uzrasta, kao i studentima. Posete Filharmoniji, u zavisnosti od uzrasta, ukl\u0458u\u010duju prezentaciju o samoj instituciji, upoznavanje muzi\u010dara i simfonijskog orkestra, obilazak zgrade, upoznavanje sa kapacitetima i planovima ustanove i prisustvovanje probama orkestra. U saradnji sa muzi\u010dkim \u0161kolama organizujemo stru\u010dne posete probama, a za odabrane u\u010denike postoji mogu\u0107nost prisustvovanja koncertima. [&hellip;]","og_url":"https:\/\/www.bgf.rs\/lt\/edukacija\/sa-filharmonijom-na-ti\/","og_site_name":"Beogradska filharmonija","article_modified_time":"2016-10-25T13:04:14+00:00","og_image":[{"width":870,"height":350,"url":"https:\/\/www.bgf.rs\/wp-content\/uploads\/2016\/02\/4.-Sa-Filharmonijom-na-Ti.jpg","type":"image\/jpeg"}],"twitter_card":"summary_large_image","twitter_site":"@BGFilharmonija","twitter_misc":{"\u041f\u0440\u043e\u0446\u0435\u045a\u0435\u043d\u043e \u0432\u0440\u0435\u043c\u0435 \u0447\u0438\u0442\u0430\u045a\u0430":"1 \u043c\u0438\u043d\u0443\u0442"},"schema":{"@context":"https:\/\/schema.org","@graph":[{"@type":"WebPage","@id":"https:\/\/www.bgf.rs\/lt\/edukacija\/sa-filharmonijom-na-ti\/","url":"https:\/\/www.bgf.rs\/lt\/edukacija\/sa-filharmonijom-na-ti\/","name":"Sa Filharmonijom na Ti | Beogradska filharmonija","isPartOf":{"@id":"https:\/\/www.bgf.rs\/#website"},"primaryImageOfPage":{"@id":"https:\/\/www.bgf.rs\/lt\/edukacija\/sa-filharmonijom-na-ti\/#primaryimage"},"image":{"@id":"https:\/\/www.bgf.rs\/lt\/edukacija\/sa-filharmonijom-na-ti\/#primaryimage"},"thumbnailUrl":"https:\/\/www.bgf.rs\/wp-content\/uploads\/2016\/02\/4.-Sa-Filharmonijom-na-Ti.jpg","datePublished":"2016-02-04T23:17:14+00:00","dateModified":"2016-10-25T13:04:14+00:00","breadcrumb":{"@id":"https:\/\/www.bgf.rs\/lt\/edukacija\/sa-filharmonijom-na-ti\/#breadcrumb"},"inLanguage":"sr-RS","potentialAction":[{"@type":"ReadAction","target":["https:\/\/www.bgf.rs\/lt\/edukacija\/sa-filharmonijom-na-ti\/"]}]},{"@type":"ImageObject","inLanguage":"sr-RS","@id":"https:\/\/www.bgf.rs\/lt\/edukacija\/sa-filharmonijom-na-ti\/#primaryimage","url":"https:\/\/www.bgf.rs\/wp-content\/uploads\/2016\/02\/4.-Sa-Filharmonijom-na-Ti.jpg","contentUrl":"https:\/\/www.bgf.rs\/wp-content\/uploads\/2016\/02\/4.-Sa-Filharmonijom-na-Ti.jpg","width":870,"height":350},{"@type":"BreadcrumbList","@id":"https:\/\/www.bgf.rs\/lt\/edukacija\/sa-filharmonijom-na-ti\/#breadcrumb","itemListElement":[{"@type":"ListItem","position":1,"name":"Home","item":"https:\/\/www.bgf.rs\/"},{"@type":"ListItem","position":2,"name":"Edukacija","item":"https:\/\/www.bgf.rs\/lt\/edukacija\/"},{"@type":"ListItem","position":3,"name":"Sa Filharmonijom na Ti"}]},{"@type":"WebSite","@id":"https:\/\/www.bgf.rs\/#website","url":"https:\/\/www.bgf.rs\/","name":"Beogradska filharmonija","description":"Samo muzika - jer do\u017eivljaj nema cenu!","potentialAction":[{"@type":"SearchAction","target":{"@type":"EntryPoint","urlTemplate":"https:\/\/www.bgf.rs\/?s={search_term_string}"},"query-input":{"@type":"PropertyValueSpecification","valueRequired":true,"valueName":"search_term_string"}}],"inLanguage":"sr-RS"}]}},"_links":{"self":[{"href":"https:\/\/www.bgf.rs\/lt\/wp-json\/wp\/v2\/pages\/1843\/"}],"collection":[{"href":"https:\/\/www.bgf.rs\/lt\/wp-json\/wp\/v2\/pages\/"}],"about":[{"href":"https:\/\/www.bgf.rs\/lt\/wp-json\/wp\/v2\/types\/page\/"}],"author":[{"embeddable":true,"href":"https:\/\/www.bgf.rs\/lt\/wp-json\/wp\/v2\/users\/1\/"}],"replies":[{"embeddable":true,"href":"https:\/\/www.bgf.rs\/lt\/wp-json\/wp\/v2\/comments\/?post=1843"}],"version-history":[{"count":0,"href":"https:\/\/www.bgf.rs\/lt\/wp-json\/wp\/v2\/pages\/1843\/revisions\/"}],"up":[{"embeddable":true,"href":"https:\/\/www.bgf.rs\/lt\/wp-json\/wp\/v2\/pages\/1493\/"}],"wp:featuredmedia":[{"embeddable":true,"href":"https:\/\/www.bgf.rs\/lt\/wp-json\/wp\/v2\/media\/4060\/"}],"wp:attachment":[{"href":"https:\/\/www.bgf.rs\/lt\/wp-json\/wp\/v2\/media\/?parent=1843"}],"curies":[{"name":"wp","href":"https:\/\/api.w.org\/{rel}","templated":true}]}}