{"id":1425,"date":"2015-12-14T17:10:02","date_gmt":"2015-12-14T16:10:02","guid":{"rendered":"http:\/\/www.bgf.rs\/en\/?page_id=1425"},"modified":"2025-05-30T11:52:35","modified_gmt":"2025-05-30T10:52:35","slug":"secretariat","status":"publish","type":"page","link":"https:\/\/www.bgf.rs\/en\/our-team\/secretariat\/","title":{"rendered":"Secretariat"},"content":{"rendered":"<p>The Belgrade Philharmonic Orchestra Secretariat employs six administrative staff. They take care of finance, legal matters and personnel and general affairs. They are invisible to the audience in concerts, but they are an indispensable and very important link in the institution&#8217;s overall functioning.<\/p>\n<p>+381 11 3285 910<\/p>\n<p>Du\u0161ica \u0110ori\u0107, Bookkeeper<br \/>\n<a href=\"mailto:finansijedusica@bgf.co.rs\">finansijedusica@bgf.co.rs<\/a><\/p>\n<p>Milica Milovanovi\u0107, Legal Affairs<br \/>\n<a href=\"mailto:pravno@bgf.co.rs\">pravno@bgf.co.rs<\/a><\/p>\n<p>Dragana Spasi\u0107<strong>, <\/strong>Business Secretary<br \/>\n<a href=\"mailto:office@bgf.co.rs\">office@bgf.co.rs<\/a><\/p>\n<p>Sanja Paunovi\u0107, Courier<\/p>\n<p>Biljana Vasi\u0107, Telephone Operator<\/p>\n","protected":false},"excerpt":{"rendered":"<p>The Belgrade Philharmonic Orchestra Secretariat employs six administrative staff. They take care of finance, legal matters and personnel and general affairs. They are invisible to the audience in concerts, but they are an indispensable and very important link in the institution&#8217;s overall functioning. +381 11 3285 910 Du\u0161ica \u0110ori\u0107, Bookkeeper finansijedusica@bgf.co.rs Milica Milovanovi\u0107, Legal Affairs [&hellip;]<\/p>\n","protected":false},"author":1,"featured_media":0,"parent":1325,"menu_order":0,"comment_status":"closed","ping_status":"closed","template":"","meta":{"_acf_changed":false,"footnotes":""},"class_list":["post-1425","page","type-page","status-publish","hentry"],"acf":[],"yoast_head":"<!-- This site is optimized with the Yoast SEO plugin v23.4 - https:\/\/yoast.com\/wordpress\/plugins\/seo\/ -->\n<title>Secretariat | Beogradska filharmonija<\/title>\n<meta name=\"robots\" content=\"index, follow, max-snippet:-1, max-image-preview:large, max-video-preview:-1\" \/>\n<link rel=\"canonical\" href=\"https:\/\/www.bgf.rs\/our-team\/secretariat\/\" \/>\n<meta property=\"og:locale\" content=\"sr_RS\" \/>\n<meta property=\"og:type\" content=\"article\" \/>\n<meta property=\"og:title\" content=\"Secretariat | Beogradska filharmonija\" \/>\n<meta property=\"og:description\" content=\"The Belgrade Philharmonic Orchestra Secretariat employs six administrative staff. They take care of finance, legal matters and personnel and general affairs. They are invisible to the audience in concerts, but they are an indispensable and very important link in the institution&#8217;s overall functioning. +381 11 3285 910 Du\u0161ica \u0110ori\u0107, Bookkeeper finansijedusica@bgf.co.rs Milica Milovanovi\u0107, Legal Affairs [&hellip;]\" \/>\n<meta property=\"og:url\" content=\"https:\/\/www.bgf.rs\/en\/our-team\/secretariat\/\" \/>\n<meta property=\"og:site_name\" content=\"Beogradska filharmonija\" \/>\n<meta property=\"article:modified_time\" content=\"2025-05-30T10:52:35+00:00\" \/>\n<meta name=\"twitter:card\" content=\"summary_large_image\" \/>\n<meta name=\"twitter:site\" content=\"@BGFilharmonija\" \/>\n<meta name=\"twitter:label1\" content=\"\u041f\u0440\u043e\u0446\u0435\u045a\u0435\u043d\u043e \u0432\u0440\u0435\u043c\u0435 \u0447\u0438\u0442\u0430\u045a\u0430\" \/>\n\t<meta name=\"twitter:data1\" content=\"1 \u043c\u0438\u043d\u0443\u0442\" \/>\n<script type=\"application\/ld+json\" class=\"yoast-schema-graph\">{\"@context\":\"https:\/\/schema.org\",\"@graph\":[{\"@type\":\"WebPage\",\"@id\":\"https:\/\/www.bgf.rs\/en\/our-team\/secretariat\/\",\"url\":\"https:\/\/www.bgf.rs\/en\/our-team\/secretariat\/\",\"name\":\"Secretariat | Beogradska filharmonija\",\"isPartOf\":{\"@id\":\"https:\/\/www.bgf.rs\/#website\"},\"datePublished\":\"2015-12-14T16:10:02+00:00\",\"dateModified\":\"2025-05-30T10:52:35+00:00\",\"breadcrumb\":{\"@id\":\"https:\/\/www.bgf.rs\/en\/our-team\/secretariat\/#breadcrumb\"},\"inLanguage\":\"sr-RS\",\"potentialAction\":[{\"@type\":\"ReadAction\",\"target\":[\"https:\/\/www.bgf.rs\/en\/our-team\/secretariat\/\"]}]},{\"@type\":\"BreadcrumbList\",\"@id\":\"https:\/\/www.bgf.rs\/en\/our-team\/secretariat\/#breadcrumb\",\"itemListElement\":[{\"@type\":\"ListItem\",\"position\":1,\"name\":\"Home\",\"item\":\"https:\/\/www.bgf.rs\/\"},{\"@type\":\"ListItem\",\"position\":2,\"name\":\"Our Team\",\"item\":\"https:\/\/www.bgf.rs\/en\/our-team\/\"},{\"@type\":\"ListItem\",\"position\":3,\"name\":\"Secretariat\"}]},{\"@type\":\"WebSite\",\"@id\":\"https:\/\/www.bgf.rs\/#website\",\"url\":\"https:\/\/www.bgf.rs\/\",\"name\":\"Beogradska filharmonija\",\"description\":\"Samo muzika - jer do\u017eivljaj nema cenu!\",\"potentialAction\":[{\"@type\":\"SearchAction\",\"target\":{\"@type\":\"EntryPoint\",\"urlTemplate\":\"https:\/\/www.bgf.rs\/?s={search_term_string}\"},\"query-input\":{\"@type\":\"PropertyValueSpecification\",\"valueRequired\":true,\"valueName\":\"search_term_string\"}}],\"inLanguage\":\"sr-RS\"}]}<\/script>\n<!-- \/ Yoast SEO plugin. -->","yoast_head_json":{"title":"Secretariat | Beogradska filharmonija","robots":{"index":"index","follow":"follow","max-snippet":"max-snippet:-1","max-image-preview":"max-image-preview:large","max-video-preview":"max-video-preview:-1"},"canonical":"https:\/\/www.bgf.rs\/our-team\/secretariat\/","og_locale":"sr_RS","og_type":"article","og_title":"Secretariat | Beogradska filharmonija","og_description":"The Belgrade Philharmonic Orchestra Secretariat employs six administrative staff. They take care of finance, legal matters and personnel and general affairs. They are invisible to the audience in concerts, but they are an indispensable and very important link in the institution&#8217;s overall functioning. +381 11 3285 910 Du\u0161ica \u0110ori\u0107, Bookkeeper finansijedusica@bgf.co.rs Milica Milovanovi\u0107, Legal Affairs [&hellip;]","og_url":"https:\/\/www.bgf.rs\/en\/our-team\/secretariat\/","og_site_name":"Beogradska filharmonija","article_modified_time":"2025-05-30T10:52:35+00:00","twitter_card":"summary_large_image","twitter_site":"@BGFilharmonija","twitter_misc":{"\u041f\u0440\u043e\u0446\u0435\u045a\u0435\u043d\u043e \u0432\u0440\u0435\u043c\u0435 \u0447\u0438\u0442\u0430\u045a\u0430":"1 \u043c\u0438\u043d\u0443\u0442"},"schema":{"@context":"https:\/\/schema.org","@graph":[{"@type":"WebPage","@id":"https:\/\/www.bgf.rs\/en\/our-team\/secretariat\/","url":"https:\/\/www.bgf.rs\/en\/our-team\/secretariat\/","name":"Secretariat | Beogradska filharmonija","isPartOf":{"@id":"https:\/\/www.bgf.rs\/#website"},"datePublished":"2015-12-14T16:10:02+00:00","dateModified":"2025-05-30T10:52:35+00:00","breadcrumb":{"@id":"https:\/\/www.bgf.rs\/en\/our-team\/secretariat\/#breadcrumb"},"inLanguage":"sr-RS","potentialAction":[{"@type":"ReadAction","target":["https:\/\/www.bgf.rs\/en\/our-team\/secretariat\/"]}]},{"@type":"BreadcrumbList","@id":"https:\/\/www.bgf.rs\/en\/our-team\/secretariat\/#breadcrumb","itemListElement":[{"@type":"ListItem","position":1,"name":"Home","item":"https:\/\/www.bgf.rs\/"},{"@type":"ListItem","position":2,"name":"Our Team","item":"https:\/\/www.bgf.rs\/en\/our-team\/"},{"@type":"ListItem","position":3,"name":"Secretariat"}]},{"@type":"WebSite","@id":"https:\/\/www.bgf.rs\/#website","url":"https:\/\/www.bgf.rs\/","name":"Beogradska filharmonija","description":"Samo muzika - jer do\u017eivljaj nema cenu!","potentialAction":[{"@type":"SearchAction","target":{"@type":"EntryPoint","urlTemplate":"https:\/\/www.bgf.rs\/?s={search_term_string}"},"query-input":{"@type":"PropertyValueSpecification","valueRequired":true,"valueName":"search_term_string"}}],"inLanguage":"sr-RS"}]}},"_links":{"self":[{"href":"https:\/\/www.bgf.rs\/en\/wp-json\/wp\/v2\/pages\/1425\/"}],"collection":[{"href":"https:\/\/www.bgf.rs\/en\/wp-json\/wp\/v2\/pages\/"}],"about":[{"href":"https:\/\/www.bgf.rs\/en\/wp-json\/wp\/v2\/types\/page\/"}],"author":[{"embeddable":true,"href":"https:\/\/www.bgf.rs\/en\/wp-json\/wp\/v2\/users\/1\/"}],"replies":[{"embeddable":true,"href":"https:\/\/www.bgf.rs\/en\/wp-json\/wp\/v2\/comments\/?post=1425"}],"version-history":[{"count":0,"href":"https:\/\/www.bgf.rs\/en\/wp-json\/wp\/v2\/pages\/1425\/revisions\/"}],"up":[{"embeddable":true,"href":"https:\/\/www.bgf.rs\/en\/wp-json\/wp\/v2\/pages\/1325\/"}],"wp:attachment":[{"href":"https:\/\/www.bgf.rs\/en\/wp-json\/wp\/v2\/media\/?parent=1425"}],"curies":[{"name":"wp","href":"https:\/\/api.w.org\/{rel}","templated":true}]}}